{"id":72003,"date":"2024-03-30T11:58:08","date_gmt":"2024-03-30T16:58:08","guid":{"rendered":"https:\/\/geneticatricolor.com\/home\/tienda\/sin%20categor\u00eda\/sj-bedouth-maximo-t-e\/"},"modified":"2025-07-29T06:11:08","modified_gmt":"2025-07-29T11:11:08","slug":"sj-bedouth-maximo-t-e","status":"publish","type":"product","link":"https:\/\/geneticatricolor.com\/home\/tienda\/venta-de-semen\/semen-carne-tropico\/semen-brahmangris\/sj-bedouth-maximo-t-e\/","title":{"rendered":"SJ BEDOUTH MAXIMO T.E"},"content":{"rendered":"<p>Toro de una gran capacidad corporal, musculatura,<br \/>\nacompa\u00f1ado de muy buena caracterizaci\u00f3n racial y<br \/>\npigmentaci\u00f3n, siendo campe\u00f3n nacional ternero 2021.<\/p>\n<p>L\u00edder en peso a los 4 meses, 18 meses, edad al primer parto<br \/>\ny \u00edndice gen\u00e9tico siendo Top 2% en nuestra base de datos de<br \/>\nm\u00e1s de 39 mil animales evaluados<br \/>\nPeso ajustado de destete 343 kg con un \u00c1rea de ojo de lomo<br \/>\nde 101,7 cm2 a sus dos a\u00f1os<br \/>\nM\u00e1ximo es nieto de la 2024, vaca madre sobresaliente y es<br \/>\nhijo de la vaca SJB Nayel 310\/75, gran campeona de Agroexpo;<br \/>\nvaca que sus cr\u00edas han destetado todas por encima de<br \/>\n300 kilos y que a sus 50 meses ya hab\u00eda tenido 3 partos.<br \/>\n Por<br \/>\nsu lado paterno M\u00e1ximo es hijo de G.<br \/>\nA Marry Boris T.<br \/>\nE<br \/>\n234\/05, el toro m\u00e1s importante en Colombia en eficiencia en<br \/>\npastoreo en los \u00faltimos a\u00f1os, al ser el toro #1 en la evaluaci\u00f3n<br \/>\ngen\u00e9tica de ASOCEB\u00da en \u00edndice gen\u00e9tico<br \/>\nde toro.<\/p>\n","protected":false},"excerpt":{"rendered":"<p>Toro de una gran capacidad corporal, musculatura, acompa\u00f1ado de muy buena caracterizaci\u00f3n racial y pigmentaci\u00f3n, siendo campe\u00f3n nacional ternero 2021. L\u00edder en peso a los 4 meses, 18 meses, edad [&hellip;]<\/p>\n","protected":false},"author":65,"featured_media":74106,"comment_status":"open","ping_status":"closed","template":"","meta":{"_acf_changed":false,"inline_featured_image":false,"_monsterinsights_skip_tracking":false,"_monsterinsights_sitenote_active":false,"_monsterinsights_sitenote_note":"","_monsterinsights_sitenote_category":0,"site-sidebar-layout":"default","site-content-layout":"","ast-site-content-layout":"default","site-content-style":"default","site-sidebar-style":"default","ast-global-header-display":"","ast-banner-title-visibility":"","ast-main-header-display":"","ast-hfb-above-header-display":"","ast-hfb-below-header-display":"","ast-hfb-mobile-header-display":"","site-post-title":"","ast-breadcrumbs-content":"","ast-featured-img":"","footer-sml-layout":"","ast-disable-related-posts":"","theme-transparent-header-meta":"default","adv-header-id-meta":"","stick-header-meta":"","header-above-stick-meta":"","header-main-stick-meta":"","header-below-stick-meta":"","astra-migrate-meta-layouts":"set","ast-page-background-enabled":"default","ast-page-background-meta":{"desktop":{"background-color":"var(--ast-global-color-4)","background-image":"","background-repeat":"repeat","background-position":"center center","background-size":"auto","background-attachment":"scroll","background-type":"","background-media":"","overlay-type":"","overlay-color":"","overlay-opacity":"","overlay-gradient":""},"tablet":{"background-color":"","background-image":"","background-repeat":"repeat","background-position":"center center","background-size":"auto","background-attachment":"scroll","background-type":"","background-media":"","overlay-type":"","overlay-color":"","overlay-opacity":"","overlay-gradient":""},"mobile":{"background-color":"","background-image":"","background-repeat":"repeat","background-position":"center center","background-size":"auto","background-attachment":"scroll","background-type":"","background-media":"","overlay-type":"","overlay-color":"","overlay-opacity":"","overlay-gradient":""}},"ast-content-background-meta":{"desktop":{"background-color":"var(--ast-global-color-5)","background-image":"","background-repeat":"repeat","background-position":"center center","background-size":"auto","background-attachment":"scroll","background-type":"","background-media":"","overlay-type":"","overlay-color":"","overlay-opacity":"","overlay-gradient":""},"tablet":{"background-color":"var(--ast-global-color-5)","background-image":"","background-repeat":"repeat","background-position":"center center","background-size":"auto","background-attachment":"scroll","background-type":"","background-media":"","overlay-type":"","overlay-color":"","overlay-opacity":"","overlay-gradient":""},"mobile":{"background-color":"var(--ast-global-color-5)","background-image":"","background-repeat":"repeat","background-position":"center center","background-size":"auto","background-attachment":"scroll","background-type":"","background-media":"","overlay-type":"","overlay-color":"","overlay-opacity":"","overlay-gradient":""}},"jetpack_publicize_message":"","jetpack_publicize_feature_enabled":true,"jetpack_social_post_already_shared":true,"jetpack_social_options":{"image_generator_settings":{"template":"highway","default_image_id":0,"font":"","enabled":false},"version":2}},"product_brand":[],"product_cat":[83],"product_tag":[1035],"class_list":{"0":"post-72003","1":"product","2":"type-product","3":"status-publish","4":"has-post-thumbnail","6":"product_cat-semen-brahmangris","7":"product_tag-certificados-para-exportacion","8":"desktop-align-left","9":"tablet-align-left","10":"mobile-align-left","12":"first","13":"instock","14":"shipping-taxable","15":"product-type-simple"},"acf":{"laboratorio":"","principio_activo":"","indicaciones":"","concentracion":"","dosis_y_modo_de_empleo":"","precauciones":"","tiempo_de_retiro":"","via_de_administracion1":[]},"jetpack_publicize_connections":[],"jetpack_sharing_enabled":true,"_links":{"self":[{"href":"https:\/\/geneticatricolor.com\/home\/wp-json\/wp\/v2\/product\/72003","targetHints":{"allow":["GET"]}}],"collection":[{"href":"https:\/\/geneticatricolor.com\/home\/wp-json\/wp\/v2\/product"}],"about":[{"href":"https:\/\/geneticatricolor.com\/home\/wp-json\/wp\/v2\/types\/product"}],"author":[{"embeddable":true,"href":"https:\/\/geneticatricolor.com\/home\/wp-json\/wp\/v2\/users\/65"}],"replies":[{"embeddable":true,"href":"https:\/\/geneticatricolor.com\/home\/wp-json\/wp\/v2\/comments?post=72003"}],"wp:featuredmedia":[{"embeddable":true,"href":"https:\/\/geneticatricolor.com\/home\/wp-json\/wp\/v2\/media\/74106"}],"wp:attachment":[{"href":"https:\/\/geneticatricolor.com\/home\/wp-json\/wp\/v2\/media?parent=72003"}],"wp:term":[{"taxonomy":"product_brand","embeddable":true,"href":"https:\/\/geneticatricolor.com\/home\/wp-json\/wp\/v2\/product_brand?post=72003"},{"taxonomy":"product_cat","embeddable":true,"href":"https:\/\/geneticatricolor.com\/home\/wp-json\/wp\/v2\/product_cat?post=72003"},{"taxonomy":"product_tag","embeddable":true,"href":"https:\/\/geneticatricolor.com\/home\/wp-json\/wp\/v2\/product_tag?post=72003"}],"curies":[{"name":"wp","href":"https:\/\/api.w.org\/{rel}","templated":true}]}}