{"id":73664,"date":"2024-06-09T03:02:34","date_gmt":"2024-06-09T08:02:34","guid":{"rendered":"https:\/\/geneticatricolor.com\/home\/tienda\/sin%20categor\u00eda\/gv-naranjal-304-7-clon\/"},"modified":"2025-07-24T08:01:06","modified_gmt":"2025-07-24T13:01:06","slug":"gv-naranjal-304-7-clon","status":"publish","type":"product","link":"https:\/\/geneticatricolor.com\/home\/tienda\/venta-de-semen\/razas-lecheras-tropico\/semen-gyr\/gv-naranjal-304-7-clon\/","title":{"rendered":"GV NARANJAL 304\/7 CLON"},"content":{"rendered":"<div dir=\"auto\"><strong>GV NARANJAL 304\/7<\/strong><\/div>\n<div dir=\"auto\"><\/div>\n<div dir=\"auto\">\n<p>Padre Sobresaliente de la Raza Gyr &#8211; Belleza y Caracterizaci\u00f3n Racial. Uno de los toros clonados en Colombia y gran campe\u00f3n nacional 2011, hijo del patriarca de la raza CA Sansao; Su abuela materna es nada mas y nada menos que La matriarca de la raza GYR C.A. HEURECA. <span style=\"font-size: 16px\">Una leyenda CA HEURECA (SC IMPALA fais\u00e1n X CA Malva &#8211; CAMPO alegre HABILA)<\/span><\/p>\n<div dir=\"auto\">Muchos s\u00f3lo piensan en ella por su hijo m\u00e1s famoso el Rey CA Sansao. Pero su importancia va mucho m\u00e1s all\u00e1 de eso CA HEURECA fue r\u00e9cord mundial de producci\u00f3n por 2 veces y campeona del Torneo lechero de expozebu, probando en el balde su valor. Pero fue en la reproducci\u00f3n que dej\u00f3 su verdadero legado. Prob\u00f3 8 hijos positivos para leche con 6 reproductores diferentes, entre ellos el mejor de todos los tiempos, el rey CA Sans\u00f3n. En las hembras dej\u00f3 su marca con CA urgencia y CA HEUREQUINHA ambas con m\u00e1s de 9 mil kg de leche, y con nietas a\u00fan mejores como CA Coca Cola, CA Ingrata y CA Ipanema. CA HEURECA es un patrimonio del gir lechero y debemos mucho de nuestra evoluci\u00f3n en la raza y la ganader\u00eda lechera tropical a esta extraordinaria matriz.<\/div>\n<\/div>\n","protected":false},"excerpt":{"rendered":"<p>GV NARANJAL 304\/7 Padre Sobresaliente de la Raza Gyr &#8211; Belleza y Caracterizaci\u00f3n Racial. Uno de los toros clonados en Colombia y gran campe\u00f3n nacional 2011, hijo del patriarca de [&hellip;]<\/p>\n","protected":false},"author":1,"featured_media":74922,"comment_status":"open","ping_status":"closed","template":"","meta":{"_acf_changed":false,"inline_featured_image":false,"_monsterinsights_skip_tracking":false,"_monsterinsights_sitenote_active":false,"_monsterinsights_sitenote_note":"","_monsterinsights_sitenote_category":0,"site-sidebar-layout":"default","site-content-layout":"","ast-site-content-layout":"default","site-content-style":"default","site-sidebar-style":"default","ast-global-header-display":"","ast-banner-title-visibility":"","ast-main-header-display":"","ast-hfb-above-header-display":"","ast-hfb-below-header-display":"","ast-hfb-mobile-header-display":"","site-post-title":"","ast-breadcrumbs-content":"","ast-featured-img":"","footer-sml-layout":"","ast-disable-related-posts":"","theme-transparent-header-meta":"default","adv-header-id-meta":"","stick-header-meta":"","header-above-stick-meta":"","header-main-stick-meta":"","header-below-stick-meta":"","astra-migrate-meta-layouts":"set","ast-page-background-enabled":"default","ast-page-background-meta":{"desktop":{"background-color":"var(--ast-global-color-4)","background-image":"","background-repeat":"repeat","background-position":"center center","background-size":"auto","background-attachment":"scroll","background-type":"","background-media":"","overlay-type":"","overlay-color":"","overlay-opacity":"","overlay-gradient":""},"tablet":{"background-color":"","background-image":"","background-repeat":"repeat","background-position":"center center","background-size":"auto","background-attachment":"scroll","background-type":"","background-media":"","overlay-type":"","overlay-color":"","overlay-opacity":"","overlay-gradient":""},"mobile":{"background-color":"","background-image":"","background-repeat":"repeat","background-position":"center center","background-size":"auto","background-attachment":"scroll","background-type":"","background-media":"","overlay-type":"","overlay-color":"","overlay-opacity":"","overlay-gradient":""}},"ast-content-background-meta":{"desktop":{"background-color":"var(--ast-global-color-5)","background-image":"","background-repeat":"repeat","background-position":"center center","background-size":"auto","background-attachment":"scroll","background-type":"","background-media":"","overlay-type":"","overlay-color":"","overlay-opacity":"","overlay-gradient":""},"tablet":{"background-color":"var(--ast-global-color-5)","background-image":"","background-repeat":"repeat","background-position":"center center","background-size":"auto","background-attachment":"scroll","background-type":"","background-media":"","overlay-type":"","overlay-color":"","overlay-opacity":"","overlay-gradient":""},"mobile":{"background-color":"var(--ast-global-color-5)","background-image":"","background-repeat":"repeat","background-position":"center center","background-size":"auto","background-attachment":"scroll","background-type":"","background-media":"","overlay-type":"","overlay-color":"","overlay-opacity":"","overlay-gradient":""}},"jetpack_publicize_message":"","jetpack_publicize_feature_enabled":true,"jetpack_social_post_already_shared":true,"jetpack_social_options":{"image_generator_settings":{"template":"highway","default_image_id":0,"font":"","enabled":false},"version":2}},"product_brand":[],"product_cat":[50],"product_tag":[],"class_list":{"0":"post-73664","1":"product","2":"type-product","3":"status-publish","4":"has-post-thumbnail","6":"product_cat-semen-gyr","7":"desktop-align-left","8":"tablet-align-left","9":"mobile-align-left","11":"first","12":"instock","13":"shipping-taxable","14":"product-type-simple"},"acf":{"laboratorio":"","principio_activo":"","indicaciones":"","concentracion":"","dosis_y_modo_de_empleo":"","precauciones":"","tiempo_de_retiro":"","via_de_administracion1":[]},"jetpack_publicize_connections":[],"jetpack_sharing_enabled":true,"_links":{"self":[{"href":"https:\/\/geneticatricolor.com\/home\/wp-json\/wp\/v2\/product\/73664","targetHints":{"allow":["GET"]}}],"collection":[{"href":"https:\/\/geneticatricolor.com\/home\/wp-json\/wp\/v2\/product"}],"about":[{"href":"https:\/\/geneticatricolor.com\/home\/wp-json\/wp\/v2\/types\/product"}],"author":[{"embeddable":true,"href":"https:\/\/geneticatricolor.com\/home\/wp-json\/wp\/v2\/users\/1"}],"replies":[{"embeddable":true,"href":"https:\/\/geneticatricolor.com\/home\/wp-json\/wp\/v2\/comments?post=73664"}],"wp:featuredmedia":[{"embeddable":true,"href":"https:\/\/geneticatricolor.com\/home\/wp-json\/wp\/v2\/media\/74922"}],"wp:attachment":[{"href":"https:\/\/geneticatricolor.com\/home\/wp-json\/wp\/v2\/media?parent=73664"}],"wp:term":[{"taxonomy":"product_brand","embeddable":true,"href":"https:\/\/geneticatricolor.com\/home\/wp-json\/wp\/v2\/product_brand?post=73664"},{"taxonomy":"product_cat","embeddable":true,"href":"https:\/\/geneticatricolor.com\/home\/wp-json\/wp\/v2\/product_cat?post=73664"},{"taxonomy":"product_tag","embeddable":true,"href":"https:\/\/geneticatricolor.com\/home\/wp-json\/wp\/v2\/product_tag?post=73664"}],"curies":[{"name":"wp","href":"https:\/\/api.w.org\/{rel}","templated":true}]}}