{"id":74083,"date":"2024-07-29T11:08:51","date_gmt":"2024-07-29T16:08:51","guid":{"rendered":"https:\/\/geneticatricolor.com\/home\/?post_type=product&#038;p=74083"},"modified":"2025-07-29T06:07:47","modified_gmt":"2025-07-29T11:07:47","slug":"sj-retiro-noah","status":"publish","type":"product","link":"https:\/\/geneticatricolor.com\/home\/tienda\/venta-de-semen\/semen-carne-tropico\/semen-brahmangris\/sj-retiro-noah\/","title":{"rendered":"SJ RETIRO NOAH"},"content":{"rendered":"<p>Toro con una gran expresi\u00f3n de musculatura,caracterizaci\u00f3n racial y balance, lo que lo hizomerecedor de varios campeonatos, incluso en unaexposici\u00f3n Nacional.<br \/>\nEvaluaci\u00f3n Gen\u00e9tica SJ Bedouth:-L\u00edder en peso a los 4 meses-L\u00edder en peso al destete-L\u00edder en edad al primer partoDatos Productivos:-Peso ajustado de destete a los 270 d\u00edas: 370 kg.<br \/>\n-Peso 27 meses: 1060 kg-\u00c1rea de ojo de lomo: 97,28 cm2 lo cual es unindicativo de gran musculatura.<br \/>\nSu madre es una vaca f\u00e9rtil y lechera con un intervalo entre partos de 396 d\u00edas y un<br \/>\npeso ajustado de destete de sus cr\u00edas superior a los 300 kg; en su genealog\u00eda se<br \/>\nencuentran 7 generaciones de donadoras de embriones, algunas de ellas con certificado<br \/>\nde madre sobresaliente en Colombia, siendo uno de los animales m\u00e1s<br \/>\navanzados en la familia de nuestra vaca insignia conque 03\/18, la cual cuenta con<br \/>\nuna descendencia de m\u00e1s de 2000 animales en 5 pa\u00edses diferentes, vaca top 3<br \/>\nmadres sobresalientes en Colombia en los \u00faltimos 15 a\u00f1os.<\/p>\n<p>Por su lado paterno es hijo del toro JDH Russo Manso 631\/1, un toro que impresiona<br \/>\npor donde se le mire; con gran cobertura muscular y muy buen tercio medio,<br \/>\nuno de esos toros \u00fanicos en su generaci\u00f3n y cuyo semen es muy escaso.<\/p>\n<p>SJ Retiro Noah TE 048\/71, es un toro que combina un gran respaldo gen\u00e9tico con<br \/>\nmuy buena conformaci\u00f3n y desempe\u00f1o, siendo una muy buena opci\u00f3n para producir<br \/>\nanimales bien conformados y productivos.<\/p>\n","protected":false},"excerpt":{"rendered":"<p>Toro con una gran expresi\u00f3n de musculatura,caracterizaci\u00f3n racial y balance, lo que lo hizomerecedor de varios campeonatos, incluso en unaexposici\u00f3n Nacional. Evaluaci\u00f3n Gen\u00e9tica SJ Bedouth:-L\u00edder en peso a los 4 [&hellip;]<\/p>\n","protected":false},"author":1,"featured_media":74108,"comment_status":"open","ping_status":"closed","template":"","meta":{"_acf_changed":false,"inline_featured_image":false,"_monsterinsights_skip_tracking":false,"_monsterinsights_sitenote_active":false,"_monsterinsights_sitenote_note":"","_monsterinsights_sitenote_category":0,"site-sidebar-layout":"default","site-content-layout":"","ast-site-content-layout":"default","site-content-style":"default","site-sidebar-style":"default","ast-global-header-display":"","ast-banner-title-visibility":"","ast-main-header-display":"","ast-hfb-above-header-display":"","ast-hfb-below-header-display":"","ast-hfb-mobile-header-display":"","site-post-title":"","ast-breadcrumbs-content":"","ast-featured-img":"","footer-sml-layout":"","ast-disable-related-posts":"","theme-transparent-header-meta":"default","adv-header-id-meta":"","stick-header-meta":"","header-above-stick-meta":"","header-main-stick-meta":"","header-below-stick-meta":"","astra-migrate-meta-layouts":"set","ast-page-background-enabled":"default","ast-page-background-meta":{"desktop":{"background-color":"var(--ast-global-color-4)","background-image":"","background-repeat":"repeat","background-position":"center center","background-size":"auto","background-attachment":"scroll","background-type":"","background-media":"","overlay-type":"","overlay-color":"","overlay-opacity":"","overlay-gradient":""},"tablet":{"background-color":"","background-image":"","background-repeat":"repeat","background-position":"center center","background-size":"auto","background-attachment":"scroll","background-type":"","background-media":"","overlay-type":"","overlay-color":"","overlay-opacity":"","overlay-gradient":""},"mobile":{"background-color":"","background-image":"","background-repeat":"repeat","background-position":"center center","background-size":"auto","background-attachment":"scroll","background-type":"","background-media":"","overlay-type":"","overlay-color":"","overlay-opacity":"","overlay-gradient":""}},"ast-content-background-meta":{"desktop":{"background-color":"var(--ast-global-color-5)","background-image":"","background-repeat":"repeat","background-position":"center center","background-size":"auto","background-attachment":"scroll","background-type":"","background-media":"","overlay-type":"","overlay-color":"","overlay-opacity":"","overlay-gradient":""},"tablet":{"background-color":"var(--ast-global-color-5)","background-image":"","background-repeat":"repeat","background-position":"center center","background-size":"auto","background-attachment":"scroll","background-type":"","background-media":"","overlay-type":"","overlay-color":"","overlay-opacity":"","overlay-gradient":""},"mobile":{"background-color":"var(--ast-global-color-5)","background-image":"","background-repeat":"repeat","background-position":"center center","background-size":"auto","background-attachment":"scroll","background-type":"","background-media":"","overlay-type":"","overlay-color":"","overlay-opacity":"","overlay-gradient":""}},"jetpack_publicize_message":"","jetpack_publicize_feature_enabled":true,"jetpack_social_post_already_shared":true,"jetpack_social_options":{"image_generator_settings":{"template":"highway","default_image_id":0,"font":"","enabled":false},"version":2}},"product_brand":[],"product_cat":[83],"product_tag":[],"class_list":{"0":"post-74083","1":"product","2":"type-product","3":"status-publish","4":"has-post-thumbnail","6":"product_cat-semen-brahmangris","7":"desktop-align-left","8":"tablet-align-left","9":"mobile-align-left","11":"first","12":"instock","13":"shipping-taxable","14":"product-type-simple"},"acf":{"laboratorio":"","principio_activo":"","indicaciones":"","concentracion":"","dosis_y_modo_de_empleo":"","precauciones":"","tiempo_de_retiro":"","via_de_administracion1":[]},"jetpack_publicize_connections":[],"jetpack_sharing_enabled":true,"_links":{"self":[{"href":"https:\/\/geneticatricolor.com\/home\/wp-json\/wp\/v2\/product\/74083","targetHints":{"allow":["GET"]}}],"collection":[{"href":"https:\/\/geneticatricolor.com\/home\/wp-json\/wp\/v2\/product"}],"about":[{"href":"https:\/\/geneticatricolor.com\/home\/wp-json\/wp\/v2\/types\/product"}],"author":[{"embeddable":true,"href":"https:\/\/geneticatricolor.com\/home\/wp-json\/wp\/v2\/users\/1"}],"replies":[{"embeddable":true,"href":"https:\/\/geneticatricolor.com\/home\/wp-json\/wp\/v2\/comments?post=74083"}],"wp:featuredmedia":[{"embeddable":true,"href":"https:\/\/geneticatricolor.com\/home\/wp-json\/wp\/v2\/media\/74108"}],"wp:attachment":[{"href":"https:\/\/geneticatricolor.com\/home\/wp-json\/wp\/v2\/media?parent=74083"}],"wp:term":[{"taxonomy":"product_brand","embeddable":true,"href":"https:\/\/geneticatricolor.com\/home\/wp-json\/wp\/v2\/product_brand?post=74083"},{"taxonomy":"product_cat","embeddable":true,"href":"https:\/\/geneticatricolor.com\/home\/wp-json\/wp\/v2\/product_cat?post=74083"},{"taxonomy":"product_tag","embeddable":true,"href":"https:\/\/geneticatricolor.com\/home\/wp-json\/wp\/v2\/product_tag?post=74083"}],"curies":[{"name":"wp","href":"https:\/\/api.w.org\/{rel}","templated":true}]}}