{"id":74823,"date":"2024-08-08T20:44:48","date_gmt":"2024-08-09T01:44:48","guid":{"rendered":"https:\/\/geneticatricolor.com\/home\/?post_type=product&#038;p=74823"},"modified":"2024-09-26T11:30:13","modified_gmt":"2024-09-26T16:30:13","slug":"pistola-universal-minitube","status":"publish","type":"product","link":"https:\/\/geneticatricolor.com\/home\/tienda\/implementos-ganaderos\/kit-de-inseminacion\/pistola-universal-minitube\/","title":{"rendered":"PISTOLA UNIVERSAL MINITUBE"},"content":{"rendered":"<p class=\"p1\"><strong>PISTOLA QuickLock Cl\u00e1sica<\/strong><\/p>\n<p>INSEMINACI\u00d3N ARTIFICIAL BOVINO- QUICKLOCK CLASIC. MARCA: MINITUBE &#8211; de IA QuickLock<br \/>\n\u2022 Para todo tipo de pajuelas y vainas, ranurada o no ranurada<br \/>\n\u2022 Piezas de acero inoxidable y esterilizables<br \/>\n\u2022 Dise\u00f1o \u00fanico y seguro por alineaci\u00f3n centrada de la pajuela; sin desperdiciar semen<br \/>\n\u2022 Una sola mano para la fijaci\u00f3n y retirada de la vaina<br \/>\n\u2022 Identificaci\u00f3n con diferentes colores<br \/>\n\u2022 No contiene piezas sueltas; el cierre de seguridad impide que el mandril se salga<br \/>\n\u2022 Retirada de la pajuela por separado para el control de la informaci\u00f3n despu\u00e9s de la IAJ QuickLock Classic<br \/>\nFijaci\u00f3n y liberaci\u00f3n de vainas muy f\u00e1cil, simplemente presionando un bot\u00f3n.<\/p>\n<p class=\"p1\"><strong>Sus Beneficio<\/strong>s:<\/p>\n<p class=\"p1\">Inyectar multiprop\u00f3sito para todo tipo de pajuelas, escendidas o no escendidas s\u00f3lo partes de acero inoxidable esterilizables s\u00f3lo una mano para fijar. Se puede utilizar con todas las fundas y pajuelas todos los tama\u00f1os pajuelas de 0.25 y 0.5.<\/p>\n","protected":false},"excerpt":{"rendered":"<p>PISTOLA QuickLock Cl\u00e1sica INSEMINACI\u00d3N ARTIFICIAL BOVINO- QUICKLOCK CLASIC. MARCA: MINITUBE &#8211; de IA QuickLock \u2022 Para todo tipo de pajuelas y vainas, ranurada o no ranurada \u2022 Piezas de acero [&hellip;]<\/p>\n","protected":false},"author":65,"featured_media":74827,"comment_status":"open","ping_status":"closed","template":"","meta":{"_acf_changed":false,"inline_featured_image":false,"_monsterinsights_skip_tracking":false,"_monsterinsights_sitenote_active":false,"_monsterinsights_sitenote_note":"","_monsterinsights_sitenote_category":0,"site-sidebar-layout":"default","site-content-layout":"","ast-site-content-layout":"default","site-content-style":"default","site-sidebar-style":"default","ast-global-header-display":"","ast-banner-title-visibility":"","ast-main-header-display":"","ast-hfb-above-header-display":"","ast-hfb-below-header-display":"","ast-hfb-mobile-header-display":"","site-post-title":"","ast-breadcrumbs-content":"","ast-featured-img":"","footer-sml-layout":"","ast-disable-related-posts":"","theme-transparent-header-meta":"default","adv-header-id-meta":"","stick-header-meta":"","header-above-stick-meta":"","header-main-stick-meta":"","header-below-stick-meta":"","astra-migrate-meta-layouts":"set","ast-page-background-enabled":"default","ast-page-background-meta":{"desktop":{"background-color":"var(--ast-global-color-4)","background-image":"","background-repeat":"repeat","background-position":"center center","background-size":"auto","background-attachment":"scroll","background-type":"","background-media":"","overlay-type":"","overlay-color":"","overlay-opacity":"","overlay-gradient":""},"tablet":{"background-color":"","background-image":"","background-repeat":"repeat","background-position":"center center","background-size":"auto","background-attachment":"scroll","background-type":"","background-media":"","overlay-type":"","overlay-color":"","overlay-opacity":"","overlay-gradient":""},"mobile":{"background-color":"","background-image":"","background-repeat":"repeat","background-position":"center center","background-size":"auto","background-attachment":"scroll","background-type":"","background-media":"","overlay-type":"","overlay-color":"","overlay-opacity":"","overlay-gradient":""}},"ast-content-background-meta":{"desktop":{"background-color":"var(--ast-global-color-5)","background-image":"","background-repeat":"repeat","background-position":"center center","background-size":"auto","background-attachment":"scroll","background-type":"","background-media":"","overlay-type":"","overlay-color":"","overlay-opacity":"","overlay-gradient":""},"tablet":{"background-color":"var(--ast-global-color-5)","background-image":"","background-repeat":"repeat","background-position":"center center","background-size":"auto","background-attachment":"scroll","background-type":"","background-media":"","overlay-type":"","overlay-color":"","overlay-opacity":"","overlay-gradient":""},"mobile":{"background-color":"var(--ast-global-color-5)","background-image":"","background-repeat":"repeat","background-position":"center center","background-size":"auto","background-attachment":"scroll","background-type":"","background-media":"","overlay-type":"","overlay-color":"","overlay-opacity":"","overlay-gradient":""}},"jetpack_publicize_message":"","jetpack_publicize_feature_enabled":true,"jetpack_social_post_already_shared":true,"jetpack_social_options":{"image_generator_settings":{"template":"highway","default_image_id":0,"font":"","enabled":false},"version":2}},"product_brand":[],"product_cat":[942],"product_tag":[],"class_list":{"0":"post-74823","1":"product","2":"type-product","3":"status-publish","4":"has-post-thumbnail","6":"product_cat-kit-de-inseminacion","7":"desktop-align-left","8":"tablet-align-left","9":"mobile-align-left","11":"first","12":"instock","13":"shipping-taxable","14":"product-type-simple"},"acf":{"laboratorio":"","principio_activo":"","indicaciones":"","concentracion":"","dosis_y_modo_de_empleo":"","precauciones":"","tiempo_de_retiro":"","via_de_administracion1":[]},"jetpack_publicize_connections":[],"jetpack_sharing_enabled":true,"_links":{"self":[{"href":"https:\/\/geneticatricolor.com\/home\/wp-json\/wp\/v2\/product\/74823","targetHints":{"allow":["GET"]}}],"collection":[{"href":"https:\/\/geneticatricolor.com\/home\/wp-json\/wp\/v2\/product"}],"about":[{"href":"https:\/\/geneticatricolor.com\/home\/wp-json\/wp\/v2\/types\/product"}],"author":[{"embeddable":true,"href":"https:\/\/geneticatricolor.com\/home\/wp-json\/wp\/v2\/users\/65"}],"replies":[{"embeddable":true,"href":"https:\/\/geneticatricolor.com\/home\/wp-json\/wp\/v2\/comments?post=74823"}],"wp:featuredmedia":[{"embeddable":true,"href":"https:\/\/geneticatricolor.com\/home\/wp-json\/wp\/v2\/media\/74827"}],"wp:attachment":[{"href":"https:\/\/geneticatricolor.com\/home\/wp-json\/wp\/v2\/media?parent=74823"}],"wp:term":[{"taxonomy":"product_brand","embeddable":true,"href":"https:\/\/geneticatricolor.com\/home\/wp-json\/wp\/v2\/product_brand?post=74823"},{"taxonomy":"product_cat","embeddable":true,"href":"https:\/\/geneticatricolor.com\/home\/wp-json\/wp\/v2\/product_cat?post=74823"},{"taxonomy":"product_tag","embeddable":true,"href":"https:\/\/geneticatricolor.com\/home\/wp-json\/wp\/v2\/product_tag?post=74823"}],"curies":[{"name":"wp","href":"https:\/\/api.w.org\/{rel}","templated":true}]}}