{"id":75232,"date":"2024-09-10T11:09:50","date_gmt":"2024-09-10T16:09:50","guid":{"rendered":"https:\/\/geneticatricolor.com\/home\/?post_type=product&#038;p=75232"},"modified":"2025-03-17T13:14:28","modified_gmt":"2025-03-17T18:14:28","slug":"ivegan-2","status":"publish","type":"product","link":"https:\/\/geneticatricolor.com\/home\/tienda\/farmacia-veterinaria\/antiparasitario-externo-farmacia-veterinaria\/ivegan-2\/","title":{"rendered":"IVEGAN 2%"},"content":{"rendered":"<p><span data-contrast=\"auto\">Endoectoparasiticida de acci\u00f3n prolongada posee acci\u00f3n contra:\u00a0<\/span><span data-ccp-props=\"{&quot;335551550&quot;:6,&quot;335551620&quot;:6}\">\u00a0<\/span>\u00a0<b><span data-contrast=\"auto\">Bovinos:<\/span><\/b><b><span data-contrast=\"auto\">\u00a0Par\u00e1sitos gastrointestinales<\/span><\/b><span data-contrast=\"auto\">:\u00a0<\/span><i><span data-contrast=\"auto\">Ostertagia sp\u00a0<\/span><\/i><span data-contrast=\"auto\">(forma adulta e inhibida),\u00a0<\/span><i><span data-contrast=\"auto\">Haemonchus sp\u00a0<\/span><\/i><span data-contrast=\"auto\">(adultos),\u00a0<\/span><i><span data-contrast=\"auto\">Trichostrongylus colubriformis<\/span><\/i><span data-contrast=\"auto\">,\u00a0<\/span><i><span data-contrast=\"auto\">Cooperia sp, Bunostomum phlebotumum, Oesophagostomum radiatum, Nematodirus sp,\u00a0<\/span><\/i><span data-contrast=\"auto\">(adultos),\u00a0<\/span><i><span data-contrast=\"auto\">Strongyloides papillosus\u00a0<\/span><\/i><span data-contrast=\"auto\">(adultos),\u00a0<\/span><i><span data-contrast=\"auto\">Toxocara vitulorum, Parafilaria bovicola, Thelazia sp\u00a0<\/span><\/i><span data-contrast=\"auto\">(adultos).\u00a0<\/span><b><span data-contrast=\"auto\">Pulmonares:\u00a0<\/span><\/b><i><span data-contrast=\"auto\">Dictyocaulus viviparus<\/span><\/i><span data-contrast=\"auto\">\u00a0(formas adultas, larvaria e inhibida).\u00a0<\/span><b><span data-contrast=\"auto\">Ectopar\u00e1sitos: Nuche:\u00a0<\/span><\/b><i><span data-contrast=\"auto\">Dermatobia hominis.\u00a0<\/span><\/i><b><span data-contrast=\"auto\">Piojos:\u00a0<\/span><\/b><i><span data-contrast=\"auto\">Linognatus vituli, Haematopinus eurysternus, Solenopotes capillatus.\u00a0<\/span><\/i><b><span data-contrast=\"auto\">\u00c1caros de la sarna<\/span><\/b><span data-contrast=\"auto\">:\u00a0<\/span><i><span data-contrast=\"auto\">Psoroptes comunis var bovis, Sarcoptes scabiei var bovis, Chorioptes bovis.\u00a0<\/span><\/i><b><span data-contrast=\"auto\">Garrapatas:\u00a0<\/span><\/b><span data-contrast=\"auto\">Aunque no se considera garrapaticida, ayuda al control del g\u00e9nero de garrapata\u00a0<\/span><i><span data-contrast=\"auto\">Rhipicephalus (Boophilus) microplus.<\/span><\/i><span data-ccp-props=\"{&quot;335551550&quot;:6,&quot;335551620&quot;:6}\">\u00a0<\/span>\u00a0<b><span data-contrast=\"auto\">Porcinos:<\/span><\/b><b><span data-contrast=\"auto\">\u00a0Par\u00e1sitos gastrointestinales<\/span><\/b><span data-contrast=\"auto\">: Formas adultas y cuarto estado larvario de:\u00a0<\/span><i><span data-contrast=\"auto\">Ascaris suum, Hyostrongylus rubidus, Oesophagostumum spp\u00a0<\/span><\/i><span data-contrast=\"auto\">y formas adultas de\u00a0<\/span><i><span data-contrast=\"auto\">Strongyloides ransomi\u00a0<\/span><\/i><span data-contrast=\"auto\">y\u00a0<\/span><i><span data-contrast=\"auto\">Trichuris suis.\u00a0<\/span><\/i><b><span data-contrast=\"auto\">Pulmonares:\u00a0<\/span><\/b><i><span data-contrast=\"auto\">Metastrongylus spp\u00a0<\/span><\/i><span data-contrast=\"auto\">(forma adulta).\u00a0<\/span><b><span data-contrast=\"auto\">Renales:\u00a0<\/span><\/b><span data-contrast=\"auto\">Forma adulta y cuarto estado larvario de\u00a0<\/span><i><span data-contrast=\"auto\">Stephanurus dentatus.\u00a0<\/span><\/i><b><span data-contrast=\"auto\">Ectopar\u00e1sitos: Piojos:\u00a0<\/span><\/b><i><span data-contrast=\"auto\">Haematopinus suis.\u00a0<\/span><\/i><span data-contrast=\"auto\">\u00c1caros de la sarna:\u00a0<\/span><i><span data-contrast=\"auto\">Sarcoptes scabiei var suis.<\/span><\/i><\/p>\n","protected":false},"excerpt":{"rendered":"<p>Endoectoparasiticida de acci\u00f3n prolongada posee acci\u00f3n contra:\u00a0\u00a0\u00a0Bovinos:\u00a0Par\u00e1sitos gastrointestinales:\u00a0Ostertagia sp\u00a0(forma adulta e inhibida),\u00a0Haemonchus sp\u00a0(adultos),\u00a0Trichostrongylus colubriformis,\u00a0Cooperia sp, Bunostomum phlebotumum, Oesophagostomum radiatum, Nematodirus sp,\u00a0(adultos),\u00a0Strongyloides papillosus\u00a0(adultos),\u00a0Toxocara vitulorum, Parafilaria bovicola, Thelazia sp\u00a0(adultos).\u00a0Pulmonares:\u00a0Dictyocaulus viviparus\u00a0(formas adultas, larvaria [&hellip;]<\/p>\n","protected":false},"author":1,"featured_media":75234,"comment_status":"open","ping_status":"closed","template":"","meta":{"_acf_changed":false,"inline_featured_image":false,"_monsterinsights_skip_tracking":false,"_monsterinsights_sitenote_active":false,"_monsterinsights_sitenote_note":"","_monsterinsights_sitenote_category":0,"site-sidebar-layout":"default","site-content-layout":"default","ast-site-content-layout":"default","site-content-style":"default","site-sidebar-style":"default","ast-global-header-display":"","ast-banner-title-visibility":"","ast-main-header-display":"","ast-hfb-above-header-display":"","ast-hfb-below-header-display":"","ast-hfb-mobile-header-display":"","site-post-title":"","ast-breadcrumbs-content":"","ast-featured-img":"","footer-sml-layout":"","ast-disable-related-posts":"","theme-transparent-header-meta":"default","adv-header-id-meta":"","stick-header-meta":"","header-above-stick-meta":"","header-main-stick-meta":"","header-below-stick-meta":"","astra-migrate-meta-layouts":"set","ast-page-background-enabled":"default","ast-page-background-meta":{"desktop":{"background-color":"var(--ast-global-color-4)","background-image":"","background-repeat":"repeat","background-position":"center center","background-size":"auto","background-attachment":"scroll","background-type":"","background-media":"","overlay-type":"","overlay-color":"","overlay-opacity":"","overlay-gradient":""},"tablet":{"background-color":"","background-image":"","background-repeat":"repeat","background-position":"center center","background-size":"auto","background-attachment":"scroll","background-type":"","background-media":"","overlay-type":"","overlay-color":"","overlay-opacity":"","overlay-gradient":""},"mobile":{"background-color":"","background-image":"","background-repeat":"repeat","background-position":"center center","background-size":"auto","background-attachment":"scroll","background-type":"","background-media":"","overlay-type":"","overlay-color":"","overlay-opacity":"","overlay-gradient":""}},"ast-content-background-meta":{"desktop":{"background-color":"var(--ast-global-color-5)","background-image":"","background-repeat":"repeat","background-position":"center center","background-size":"auto","background-attachment":"scroll","background-type":"","background-media":"","overlay-type":"","overlay-color":"","overlay-opacity":"","overlay-gradient":""},"tablet":{"background-color":"var(--ast-global-color-5)","background-image":"","background-repeat":"repeat","background-position":"center center","background-size":"auto","background-attachment":"scroll","background-type":"","background-media":"","overlay-type":"","overlay-color":"","overlay-opacity":"","overlay-gradient":""},"mobile":{"background-color":"var(--ast-global-color-5)","background-image":"","background-repeat":"repeat","background-position":"center center","background-size":"auto","background-attachment":"scroll","background-type":"","background-media":"","overlay-type":"","overlay-color":"","overlay-opacity":"","overlay-gradient":""}},"jetpack_publicize_message":"","jetpack_publicize_feature_enabled":true,"jetpack_social_post_already_shared":true,"jetpack_social_options":{"image_generator_settings":{"template":"highway","default_image_id":0,"font":"","enabled":false},"version":2}},"product_brand":[],"product_cat":[950,951],"product_tag":[],"class_list":{"0":"post-75232","1":"product","2":"type-product","3":"status-publish","4":"has-post-thumbnail","6":"product_cat-antiparasitario-externo-farmacia-veterinaria","7":"product_cat-antiparasitario-interno-farmacia-veterinaria","8":"desktop-align-left","9":"tablet-align-left","10":"mobile-align-left","12":"first","13":"instock","14":"shipping-taxable","15":"purchasable","16":"product-type-variable"},"acf":{"laboratorio":"Carval","principio_activo":"Ivermectina","indicaciones":"","concentracion":"1%","dosis_y_modo_de_empleo":"Administrar por v\u00eda subcut\u00e1nea \u00fanicamente: Bovinos: 1 mL por cada 50 Kg de peso corporal. Porcinos: 1 mL por cada 33 kg de peso corporal.","precauciones":"Mant\u00e9ngase fuera del alcance de los ni\u00f1os. Uso veterinario. No administrar v\u00eda intravenosa o intramuscular. Venta bajo receta del M\u00e9dico Veterinario. Proteger el frasco de la luz directa.","tiempo_de_retiro":"Los bovinos tratados no deben sacrificarse para consumo humano hasta 21 d\u00edas despu\u00e9s de finalizado el tratamiento y los porcinos hasta 28 d\u00edas despu\u00e9s. No administrar a vacas en producci\u00f3n de leche destinada al consumo humano ni 28 d\u00edas anteriores al parto.","via_de_administracion1":[""]},"jetpack_publicize_connections":[],"jetpack_sharing_enabled":true,"_links":{"self":[{"href":"https:\/\/geneticatricolor.com\/home\/wp-json\/wp\/v2\/product\/75232","targetHints":{"allow":["GET"]}}],"collection":[{"href":"https:\/\/geneticatricolor.com\/home\/wp-json\/wp\/v2\/product"}],"about":[{"href":"https:\/\/geneticatricolor.com\/home\/wp-json\/wp\/v2\/types\/product"}],"author":[{"embeddable":true,"href":"https:\/\/geneticatricolor.com\/home\/wp-json\/wp\/v2\/users\/1"}],"replies":[{"embeddable":true,"href":"https:\/\/geneticatricolor.com\/home\/wp-json\/wp\/v2\/comments?post=75232"}],"wp:featuredmedia":[{"embeddable":true,"href":"https:\/\/geneticatricolor.com\/home\/wp-json\/wp\/v2\/media\/75234"}],"wp:attachment":[{"href":"https:\/\/geneticatricolor.com\/home\/wp-json\/wp\/v2\/media?parent=75232"}],"wp:term":[{"taxonomy":"product_brand","embeddable":true,"href":"https:\/\/geneticatricolor.com\/home\/wp-json\/wp\/v2\/product_brand?post=75232"},{"taxonomy":"product_cat","embeddable":true,"href":"https:\/\/geneticatricolor.com\/home\/wp-json\/wp\/v2\/product_cat?post=75232"},{"taxonomy":"product_tag","embeddable":true,"href":"https:\/\/geneticatricolor.com\/home\/wp-json\/wp\/v2\/product_tag?post=75232"}],"curies":[{"name":"wp","href":"https:\/\/api.w.org\/{rel}","templated":true}]}}