{"id":75488,"date":"2024-10-11T18:51:42","date_gmt":"2024-10-11T23:51:42","guid":{"rendered":"https:\/\/geneticatricolor.com\/home\/tienda\/sin%20categor\u00eda\/perfecta-102-20\/"},"modified":"2026-02-13T03:14:25","modified_gmt":"2026-02-13T08:14:25","slug":"perfecta-102-20","status":"publish","type":"product","link":"https:\/\/geneticatricolor.com\/home\/tienda\/donadoras-de-embriones\/donadoras-gyr\/perfecta-102-20\/","title":{"rendered":"MANANTIALES PERFECTA"},"content":{"rendered":"<h1>Informaci\u00f3n General<\/h1>\n<ul>\n<li><strong>Lactancia:<\/strong> Tiene una proyecci\u00f3n de 5607 litros en un periodo de 305 d\u00edas.<\/li>\n<li><strong>Pico de Producci\u00f3n Oficial:<\/strong> 24.52 litros.<\/li>\n<li><strong>N\u00famero de Lactancia:<\/strong> 1.<\/li>\n<li><strong>Clasificaci\u00f3n:<\/strong> B+ 89MAX.<\/li>\n<\/ul>\n<h2>Caracter\u00edsticas<\/h2>\n<ul>\n<li style=\"list-style-type: none;\">\n<ul>\n<li><strong>Show:<\/strong> Reconocida en exposiciones.<\/li>\n<li><strong>A2A2:<\/strong> Tipo de prote\u00edna de la leche deseada por su calidad.<\/li>\n<li><strong>Ubre de Calidad:<\/strong> Conformaci\u00f3n de sistema mamario destacado.<\/li>\n<li><strong>Volumen de Producci\u00f3n:<\/strong> Vaca de alto potencial gen\u00e9tico en producci\u00f3n.<\/li>\n<\/ul>\n<\/li>\n<\/ul>\n","protected":false},"excerpt":{"rendered":"<p>Informaci\u00f3n General Lactancia: Tiene una proyecci\u00f3n de 5607 litros en un periodo de 305 d\u00edas. Pico de Producci\u00f3n Oficial: 24.52 litros. N\u00famero de Lactancia: 1. Clasificaci\u00f3n: B+ 89MAX. Caracter\u00edsticas Show: [&hellip;]<\/p>\n","protected":false},"author":1,"featured_media":79064,"comment_status":"open","ping_status":"closed","template":"","meta":{"_acf_changed":false,"inline_featured_image":false,"_monsterinsights_skip_tracking":false,"_monsterinsights_sitenote_active":false,"_monsterinsights_sitenote_note":"","_monsterinsights_sitenote_category":0,"site-sidebar-layout":"default","site-content-layout":"","ast-site-content-layout":"default","site-content-style":"default","site-sidebar-style":"default","ast-global-header-display":"","ast-banner-title-visibility":"","ast-main-header-display":"","ast-hfb-above-header-display":"","ast-hfb-below-header-display":"","ast-hfb-mobile-header-display":"","site-post-title":"","ast-breadcrumbs-content":"","ast-featured-img":"","footer-sml-layout":"","ast-disable-related-posts":"","theme-transparent-header-meta":"default","adv-header-id-meta":"","stick-header-meta":"","header-above-stick-meta":"","header-main-stick-meta":"","header-below-stick-meta":"","astra-migrate-meta-layouts":"set","ast-page-background-enabled":"default","ast-page-background-meta":{"desktop":{"background-color":"var(--ast-global-color-4)","background-image":"","background-repeat":"repeat","background-position":"center center","background-size":"auto","background-attachment":"scroll","background-type":"","background-media":"","overlay-type":"","overlay-color":"","overlay-opacity":"","overlay-gradient":""},"tablet":{"background-color":"","background-image":"","background-repeat":"repeat","background-position":"center center","background-size":"auto","background-attachment":"scroll","background-type":"","background-media":"","overlay-type":"","overlay-color":"","overlay-opacity":"","overlay-gradient":""},"mobile":{"background-color":"","background-image":"","background-repeat":"repeat","background-position":"center center","background-size":"auto","background-attachment":"scroll","background-type":"","background-media":"","overlay-type":"","overlay-color":"","overlay-opacity":"","overlay-gradient":""}},"ast-content-background-meta":{"desktop":{"background-color":"var(--ast-global-color-5)","background-image":"","background-repeat":"repeat","background-position":"center center","background-size":"auto","background-attachment":"scroll","background-type":"","background-media":"","overlay-type":"","overlay-color":"","overlay-opacity":"","overlay-gradient":""},"tablet":{"background-color":"var(--ast-global-color-5)","background-image":"","background-repeat":"repeat","background-position":"center center","background-size":"auto","background-attachment":"scroll","background-type":"","background-media":"","overlay-type":"","overlay-color":"","overlay-opacity":"","overlay-gradient":""},"mobile":{"background-color":"var(--ast-global-color-5)","background-image":"","background-repeat":"repeat","background-position":"center center","background-size":"auto","background-attachment":"scroll","background-type":"","background-media":"","overlay-type":"","overlay-color":"","overlay-opacity":"","overlay-gradient":""}},"jetpack_publicize_message":"","jetpack_publicize_feature_enabled":true,"jetpack_social_post_already_shared":true,"jetpack_social_options":{"image_generator_settings":{"template":"highway","default_image_id":0,"font":"","enabled":false},"version":2}},"product_brand":[],"product_cat":[772],"product_tag":[1145,1141,1143,1144,1140],"class_list":{"0":"post-75488","1":"product","2":"type-product","3":"status-publish","4":"has-post-thumbnail","6":"product_cat-donadoras-gyr","7":"product_tag-probada-en-pastoreo","8":"product_tag-show","9":"product_tag-ubre-de-calidad","10":"product_tag-velocidad-de-ordeno","11":"product_tag-volumen-de-produccion","12":"pa_tipo-de-embrion-prenez-aspiracion","13":"pa_tipo-de-embrion-prenez-cria-viva","14":"pa_tipo-de-embrion-prenez-embrion-congelado","15":"pa_tipo-de-embrion-prenez-embriones-frescos","16":"pa_tipo-de-embrion-prenez-preneces-en-sus-receptoras","17":"pa_tipo-de-embrion-prenez-receptoras-prenadas","18":"desktop-align-left","19":"tablet-align-left","20":"mobile-align-left","22":"first","23":"instock","24":"shipping-taxable","25":"purchasable","26":"product-type-variable"},"acf":{"laboratorio":"","principio_activo":"","indicaciones":"","concentracion":"","dosis_y_modo_de_empleo":"","precauciones":"","tiempo_de_retiro":"","via_de_administracion1":[]},"jetpack_publicize_connections":[],"jetpack_sharing_enabled":true,"_links":{"self":[{"href":"https:\/\/geneticatricolor.com\/home\/wp-json\/wp\/v2\/product\/75488","targetHints":{"allow":["GET"]}}],"collection":[{"href":"https:\/\/geneticatricolor.com\/home\/wp-json\/wp\/v2\/product"}],"about":[{"href":"https:\/\/geneticatricolor.com\/home\/wp-json\/wp\/v2\/types\/product"}],"author":[{"embeddable":true,"href":"https:\/\/geneticatricolor.com\/home\/wp-json\/wp\/v2\/users\/1"}],"replies":[{"embeddable":true,"href":"https:\/\/geneticatricolor.com\/home\/wp-json\/wp\/v2\/comments?post=75488"}],"wp:featuredmedia":[{"embeddable":true,"href":"https:\/\/geneticatricolor.com\/home\/wp-json\/wp\/v2\/media\/79064"}],"wp:attachment":[{"href":"https:\/\/geneticatricolor.com\/home\/wp-json\/wp\/v2\/media?parent=75488"}],"wp:term":[{"taxonomy":"product_brand","embeddable":true,"href":"https:\/\/geneticatricolor.com\/home\/wp-json\/wp\/v2\/product_brand?post=75488"},{"taxonomy":"product_cat","embeddable":true,"href":"https:\/\/geneticatricolor.com\/home\/wp-json\/wp\/v2\/product_cat?post=75488"},{"taxonomy":"product_tag","embeddable":true,"href":"https:\/\/geneticatricolor.com\/home\/wp-json\/wp\/v2\/product_tag?post=75488"}],"curies":[{"name":"wp","href":"https:\/\/api.w.org\/{rel}","templated":true}]}}