{"id":75659,"date":"2024-10-21T17:54:09","date_gmt":"2024-10-21T22:54:09","guid":{"rendered":"https:\/\/geneticatricolor.com\/home\/?post_type=product&#038;p=75659"},"modified":"2024-10-21T19:03:20","modified_gmt":"2024-10-22T00:03:20","slug":"sal-ceba-2-5","status":"publish","type":"product","link":"https:\/\/geneticatricolor.com\/home\/tienda\/sales-mineralizadas\/sal-ceba-2-5\/","title":{"rendered":"Sal Ceba 2.5%"},"content":{"rendered":"<p>La Sal Mineralizada Ceba 2.5% de Acovasal es un suplemento nutricional utilizado en la alimentaci\u00f3n de animales de ceba, est\u00e1 dise\u00f1ada para suministrar minerales esenciales en la dieta de los bovinos para promover un crecimiento saludable y un buen rendimiento de la producci\u00f3n. Los principales componentes de la Sal Mineralizada Ceba 2.5% de Acovasal son el calcio, f\u00f3sforo, sodio, magnesio y otros micronutrientes como el zinc, hierro, manganeso, cobre, selenio y yodo. El calcio y el f\u00f3sforo son esenciales para el desarrollo y mantenimiento de los huesos y dientes. El sodio y el magnesio son importantes para el equilibrio de l\u00edquidos corporales y el funcionamiento de los m\u00fasculos y nervios. Los micronutrientes como el zinc, hierro, manganeso, cobre, selenio y yodo son importantes para una serie de funciones corporales, incluyendo la formaci\u00f3n de gl\u00f3bulos rojos, la producci\u00f3n de hormonas y la funci\u00f3n inmunol\u00f3gica. Es importante seguir las instrucciones de uso de la Sal Mineralizada Ceba 2.5% de Acovasal y asegurarse de que se proporciona en la cantidad adecuada en la dieta de los animales, seg\u00fan su especie y etapa de crecimiento.<\/p>\n","protected":false},"excerpt":{"rendered":"<p>La Sal Mineralizada Ceba 2.5% de Acovasal es un suplemento nutricional utilizado en la alimentaci\u00f3n de animales de ceba, est\u00e1 dise\u00f1ada para suministrar minerales esenciales en la dieta de los [&hellip;]<\/p>\n","protected":false},"author":1,"featured_media":75670,"comment_status":"open","ping_status":"closed","template":"","meta":{"_acf_changed":false,"inline_featured_image":false,"_monsterinsights_skip_tracking":false,"_monsterinsights_sitenote_active":false,"_monsterinsights_sitenote_note":"","_monsterinsights_sitenote_category":0,"_ti_tpc_template_sync":false,"_ti_tpc_template_id":"","jetpack_publicize_message":"","jetpack_publicize_feature_enabled":true,"jetpack_social_post_already_shared":true,"jetpack_social_options":{"image_generator_settings":{"template":"highway","enabled":false},"version":2}},"product_brand":[],"product_cat":[1048],"product_tag":[1055],"class_list":{"0":"post-75659","1":"product","2":"type-product","3":"status-publish","4":"has-post-thumbnail","6":"product_cat-sales-mineralizadas","7":"product_tag-sales-mineralizadas-para-ganado-bovino","9":"first","10":"instock","11":"shipping-taxable","12":"purchasable","13":"product-type-variable"},"jetpack_publicize_connections":[],"acf":{"laboratorio":"","principio_activo":"","indicaciones":"","concentracion":"","dosis_y_modo_de_empleo":"","precauciones":"","tiempo_de_retiro":"","via_de_administracion1":[]},"aioseo_notices":[],"jetpack_sharing_enabled":true,"_links":{"self":[{"href":"https:\/\/geneticatricolor.com\/home\/wp-json\/wp\/v2\/product\/75659","targetHints":{"allow":["GET"]}}],"collection":[{"href":"https:\/\/geneticatricolor.com\/home\/wp-json\/wp\/v2\/product"}],"about":[{"href":"https:\/\/geneticatricolor.com\/home\/wp-json\/wp\/v2\/types\/product"}],"author":[{"embeddable":true,"href":"https:\/\/geneticatricolor.com\/home\/wp-json\/wp\/v2\/users\/1"}],"replies":[{"embeddable":true,"href":"https:\/\/geneticatricolor.com\/home\/wp-json\/wp\/v2\/comments?post=75659"}],"wp:featuredmedia":[{"embeddable":true,"href":"https:\/\/geneticatricolor.com\/home\/wp-json\/wp\/v2\/media\/75670"}],"wp:attachment":[{"href":"https:\/\/geneticatricolor.com\/home\/wp-json\/wp\/v2\/media?parent=75659"}],"wp:term":[{"taxonomy":"product_brand","embeddable":true,"href":"https:\/\/geneticatricolor.com\/home\/wp-json\/wp\/v2\/product_brand?post=75659"},{"taxonomy":"product_cat","embeddable":true,"href":"https:\/\/geneticatricolor.com\/home\/wp-json\/wp\/v2\/product_cat?post=75659"},{"taxonomy":"product_tag","embeddable":true,"href":"https:\/\/geneticatricolor.com\/home\/wp-json\/wp\/v2\/product_tag?post=75659"}],"curies":[{"name":"wp","href":"https:\/\/api.w.org\/{rel}","templated":true}]}}