{"id":76418,"date":"2025-02-10T18:13:27","date_gmt":"2025-02-10T23:13:27","guid":{"rendered":"https:\/\/geneticatricolor.com\/home\/tienda\/sin%20categor\u00eda\/kenostart\/"},"modified":"2025-03-17T13:14:29","modified_gmt":"2025-03-17T18:14:29","slug":"kenostart","status":"publish","type":"product","link":"https:\/\/geneticatricolor.com\/home\/tienda\/implementos-lecheria-2\/selladores\/kenostart\/","title":{"rendered":"KENOSTART"},"content":{"rendered":"","protected":false},"excerpt":{"rendered":"","protected":false},"author":1,"featured_media":76980,"comment_status":"open","ping_status":"closed","template":"","meta":{"_acf_changed":false,"inline_featured_image":false,"_monsterinsights_skip_tracking":false,"_monsterinsights_sitenote_active":false,"_monsterinsights_sitenote_note":"","_monsterinsights_sitenote_category":0,"_ti_tpc_template_sync":false,"_ti_tpc_template_id":"","jetpack_publicize_message":"","jetpack_publicize_feature_enabled":true,"jetpack_social_post_already_shared":true,"jetpack_social_options":{"image_generator_settings":{"template":"highway","enabled":false},"version":2}},"product_brand":[],"product_cat":[1134],"product_tag":[],"class_list":{"0":"post-76418","1":"product","2":"type-product","3":"status-publish","4":"has-post-thumbnail","6":"product_cat-selladores","8":"first","9":"instock","10":"shipping-taxable","11":"purchasable","12":"product-type-variable"},"jetpack_publicize_connections":[],"acf":{"laboratorio":"","principio_activo":"","indicaciones":"Antis\u00e9ptico sellador de pezones para bovinos, ovinos y caprinos.\r\n<br>\r\nCARACTER\u00cdSTICAS Y BENEFICIOS<br>\r\n\u2022Sellador premium basado en yodo.\r\n\u2022Contiene un alto nivel de Yodo activo y estable.\r\n\u2022 *5 veces m\u00e1s eficaz contra bacterias causantes de mastitis.\r\n\u2022 La viscosidad perfecta de KENOSTART ofrece adem\u00e1s una pel\u00edcula uniforme alrededor de los pezones y su esfinter.\r\n\u2022KENOSTART tiene un \u00f3ptimo nivel condicionante de la piel del pez\u00f3n por su contenido de 10% en emolientes.\r\n\u2022Curativo y acondicionador de la piel\r\n\r\nEl dispensador se debe rellenar cuando sea necesario. El dispensador debe ser vaciado despu\u00e9s del tratamiento y lavado antes de reutilizar. El producto es para utilizarse en soluci\u00f3n t\u00f3pica para los pezones despu\u00e9s del orde\u00f1o hasta dos veces por d\u00eda. Si aparecen signos de enfermedad o persisten, consulte al M\u00e9dico Veterinario.","concentracion":"Cada 100 g de soluci\u00f3n t\u00f3pica contienen:<br>\r\n<br>\r\nComplejo de Yodo 6% (Yodo disponible 0,3 g) 5g<br>\r\nExcipientes c.s.p 100 g","dosis_y_modo_de_empleo":"El producto listo para usar se suministra como soluci\u00f3n t\u00f3pica para pezones, El dispensador de aplicaci\u00f3n debe contener m\u00ednimo 5 mL del producto. Sumerja cada pez\u00f3n inmediatamente despu\u00e9s del orde\u00f1o. Asegurar que tres cuartas partes de la longitud de los pezones queden completamente cubiertos.","precauciones":"","tiempo_de_retiro":"","via_de_administracion1":[""]},"aioseo_notices":[],"jetpack_sharing_enabled":true,"_links":{"self":[{"href":"https:\/\/geneticatricolor.com\/home\/wp-json\/wp\/v2\/product\/76418","targetHints":{"allow":["GET"]}}],"collection":[{"href":"https:\/\/geneticatricolor.com\/home\/wp-json\/wp\/v2\/product"}],"about":[{"href":"https:\/\/geneticatricolor.com\/home\/wp-json\/wp\/v2\/types\/product"}],"author":[{"embeddable":true,"href":"https:\/\/geneticatricolor.com\/home\/wp-json\/wp\/v2\/users\/1"}],"replies":[{"embeddable":true,"href":"https:\/\/geneticatricolor.com\/home\/wp-json\/wp\/v2\/comments?post=76418"}],"wp:featuredmedia":[{"embeddable":true,"href":"https:\/\/geneticatricolor.com\/home\/wp-json\/wp\/v2\/media\/76980"}],"wp:attachment":[{"href":"https:\/\/geneticatricolor.com\/home\/wp-json\/wp\/v2\/media?parent=76418"}],"wp:term":[{"taxonomy":"product_brand","embeddable":true,"href":"https:\/\/geneticatricolor.com\/home\/wp-json\/wp\/v2\/product_brand?post=76418"},{"taxonomy":"product_cat","embeddable":true,"href":"https:\/\/geneticatricolor.com\/home\/wp-json\/wp\/v2\/product_cat?post=76418"},{"taxonomy":"product_tag","embeddable":true,"href":"https:\/\/geneticatricolor.com\/home\/wp-json\/wp\/v2\/product_tag?post=76418"}],"curies":[{"name":"wp","href":"https:\/\/api.w.org\/{rel}","templated":true}]}}