{"id":76419,"date":"2025-02-10T18:13:27","date_gmt":"2025-02-10T23:13:27","guid":{"rendered":"https:\/\/geneticatricolor.com\/home\/tienda\/sin%20categor\u00eda\/kenocidin\/"},"modified":"2025-03-17T13:14:29","modified_gmt":"2025-03-17T18:14:29","slug":"kenocidin","status":"publish","type":"product","link":"https:\/\/geneticatricolor.com\/home\/tienda\/implementos-lecheria-2\/selladores\/kenocidin\/","title":{"rendered":"KENOCIDIN"},"content":{"rendered":"<div class=\"field field-name-field-intro field-type-text-long field-label-hidden\">\n<div class=\"field-items\">\n<div class=\"field-item even\">La tecnolog\u00eda avanzada para un sellador persistente a base de yodo estable<\/div>\n<\/div>\n<\/div>\n<div class=\"field field-name-field-usps field-type-text-long field-label-hidden\">\n<div class=\"field-items\">\n<div class=\"field-item even\">\n<ul>\n<li>la tecnolog\u00eda avanzada<\/li>\n<li>a base de yodo estable<\/li>\n<li>5 veces m\u00e1s eficaz contra bacterias<\/li>\n<li>la viscosidad perfecta<\/li>\n<li>un \u00f3ptimo nivel condicionante de la piel del pez\u00f3n<\/li>\n<\/ul>\n<\/div>\n<\/div>\n<\/div>\n","protected":false},"excerpt":{"rendered":"<p>La tecnolog\u00eda avanzada para un sellador persistente a base de yodo estable la tecnolog\u00eda avanzada a base de yodo estable 5 veces m\u00e1s eficaz contra bacterias la viscosidad perfecta un [&hellip;]<\/p>\n","protected":false},"author":1,"featured_media":76441,"comment_status":"open","ping_status":"closed","template":"","meta":{"_acf_changed":false,"inline_featured_image":false,"_monsterinsights_skip_tracking":false,"_monsterinsights_sitenote_active":false,"_monsterinsights_sitenote_note":"","_monsterinsights_sitenote_category":0,"_ti_tpc_template_sync":false,"_ti_tpc_template_id":"","jetpack_publicize_message":"","jetpack_publicize_feature_enabled":true,"jetpack_social_post_already_shared":true,"jetpack_social_options":{"image_generator_settings":{"template":"highway","enabled":false},"version":2}},"product_brand":[],"product_cat":[1134],"product_tag":[],"class_list":{"0":"post-76419","1":"product","2":"type-product","3":"status-publish","4":"has-post-thumbnail","6":"product_cat-selladores","8":"first","9":"instock","10":"shipping-taxable","11":"purchasable","12":"product-type-variable"},"jetpack_publicize_connections":[],"acf":{"laboratorio":"","principio_activo":"","indicaciones":"","concentracion":"","dosis_y_modo_de_empleo":"","precauciones":"","tiempo_de_retiro":"","via_de_administracion1":[""]},"aioseo_notices":[],"jetpack_sharing_enabled":true,"_links":{"self":[{"href":"https:\/\/geneticatricolor.com\/home\/wp-json\/wp\/v2\/product\/76419","targetHints":{"allow":["GET"]}}],"collection":[{"href":"https:\/\/geneticatricolor.com\/home\/wp-json\/wp\/v2\/product"}],"about":[{"href":"https:\/\/geneticatricolor.com\/home\/wp-json\/wp\/v2\/types\/product"}],"author":[{"embeddable":true,"href":"https:\/\/geneticatricolor.com\/home\/wp-json\/wp\/v2\/users\/1"}],"replies":[{"embeddable":true,"href":"https:\/\/geneticatricolor.com\/home\/wp-json\/wp\/v2\/comments?post=76419"}],"wp:featuredmedia":[{"embeddable":true,"href":"https:\/\/geneticatricolor.com\/home\/wp-json\/wp\/v2\/media\/76441"}],"wp:attachment":[{"href":"https:\/\/geneticatricolor.com\/home\/wp-json\/wp\/v2\/media?parent=76419"}],"wp:term":[{"taxonomy":"product_brand","embeddable":true,"href":"https:\/\/geneticatricolor.com\/home\/wp-json\/wp\/v2\/product_brand?post=76419"},{"taxonomy":"product_cat","embeddable":true,"href":"https:\/\/geneticatricolor.com\/home\/wp-json\/wp\/v2\/product_cat?post=76419"},{"taxonomy":"product_tag","embeddable":true,"href":"https:\/\/geneticatricolor.com\/home\/wp-json\/wp\/v2\/product_tag?post=76419"}],"curies":[{"name":"wp","href":"https:\/\/api.w.org\/{rel}","templated":true}]}}