{"id":76431,"date":"2025-02-10T18:13:29","date_gmt":"2025-02-10T23:13:29","guid":{"rendered":"https:\/\/geneticatricolor.com\/home\/tienda\/sin%20categor\u00eda\/fisuron-x-1-kg\/"},"modified":"2025-03-17T13:14:24","modified_gmt":"2025-03-17T18:14:24","slug":"fisuron-x-1-kg","status":"publish","type":"product","link":"https:\/\/geneticatricolor.com\/home\/tienda\/linea-pasturas\/fisuron-x-1-kg\/","title":{"rendered":"FISURON x 1 kg"},"content":{"rendered":"<p>Herbicida sist\u00e9mico del grupo de las Sulfonilureas que puede ser absorbido por el follaje o por las ra\u00edces de las plantas a trav\u00e9s de una soluci\u00f3n presente en el suelo. Se utiliza en tratamientos de postemergencia, y como herbicida residual para que sea absorbido desde el suelo.<\/p>\n<p>FISURON 60 WG es fundamentalmente un latifolicida (control a malezas de hojas anchas)<\/p>\n<p><strong>Caracter\u00edsticas importantes:<\/strong><\/p>\n<ul>\n<li>Act\u00faa inhibiendo la bios\u00edntesis de amino\u00e1cidos esenciales (leucina, valina, isoleucina) a nivel de los meristemas apicales interrumpiendo el crecimiento de las plantas.<\/li>\n<li>Muy efectivo sobre malezas peque\u00f1as en activo crecimiento.<\/li>\n<li>Tiene corta actividad residual que permite el control de muchas malezas que germinan despu\u00e9s del tratamiento.<\/li>\n<li>Selectividad asociada a una mayor metabolizaci\u00f3n en los cultivos que en las malezas; puede ser afectada en condiciones de bajas temperaturas o sequ\u00edas.<\/li>\n<li>Herbicida est\u00e1 contraindicado para suelos con pH mayores a 8 (muy lenta degradaci\u00f3n en pH alcalinos.<\/li>\n<\/ul>\n","protected":false},"excerpt":{"rendered":"<p>Herbicida sist\u00e9mico del grupo de las Sulfonilureas que puede ser absorbido por el follaje o por las ra\u00edces de las plantas a trav\u00e9s de una soluci\u00f3n presente en el suelo. [&hellip;]<\/p>\n","protected":false},"author":1,"featured_media":76432,"comment_status":"open","ping_status":"closed","template":"","meta":{"_acf_changed":false,"inline_featured_image":false,"_monsterinsights_skip_tracking":false,"_monsterinsights_sitenote_active":false,"_monsterinsights_sitenote_note":"","_monsterinsights_sitenote_category":0,"_ti_tpc_template_sync":false,"_ti_tpc_template_id":"","jetpack_publicize_message":"","jetpack_publicize_feature_enabled":true,"jetpack_social_post_already_shared":true,"jetpack_social_options":{"image_generator_settings":{"template":"highway","enabled":false},"version":2}},"product_brand":[],"product_cat":[1137],"product_tag":[],"class_list":{"0":"post-76431","1":"product","2":"type-product","3":"status-publish","4":"has-post-thumbnail","6":"product_cat-linea-pasturas","8":"first","9":"instock","10":"shipping-taxable","11":"purchasable","12":"product-type-simple"},"jetpack_publicize_connections":[],"acf":{"laboratorio":"","principio_activo":"Metsulfuron Methyl","indicaciones":"FISURON 60 WG es un herbicida sist\u00e9mico de la familia de las Sulfonilureas, dise\u00f1ado para el control selectivo de malezas de hoja ancha en postemergencia temprana. Su acci\u00f3n se basa en la inhibici\u00f3n de la enzima acetolactato sintetasa (ALS), bloqueando la s\u00edntesis de amino\u00e1cidos esenciales y afectando el metabolismo de las malezas.\r\n\r\nAl ser absorbido por las hojas y ra\u00edces, se transporta r\u00e1pidamente dentro de la planta a trav\u00e9s del xilema y floema, acumul\u00e1ndose en las zonas meristem\u00e1ticas. Esto genera una interrupci\u00f3n del crecimiento celular y, posteriormente, la muerte de la maleza.\r\n\r\nLos efectos iniciales se observan pocos d\u00edas despu\u00e9s de la aplicaci\u00f3n, con la aparici\u00f3n de manchas clor\u00f3ticas en las hojas j\u00f3venes, seguidas de necrosis en los tejidos. En malezas m\u00e1s susceptibles, la inhibici\u00f3n del crecimiento ocurre de manera inmediata, mientras que en especies m\u00e1s resistentes el herbicida es transportado hacia \u00f3rganos subterr\u00e1neos, afectando su capacidad de rebrote.\r\n\r\nLas condiciones ambientales como temperatura y humedad pueden influir en la velocidad de acci\u00f3n del producto, favoreciendo su absorci\u00f3n y eficacia en malezas en activo crecimiento.","concentracion":"","dosis_y_modo_de_empleo":"Al preparar la soluci\u00f3n o mezcla, se debe usar un tensoactivo no i\u00f3nico para que funcione correctamente por la v\u00eda de absorci\u00f3n foliar.\r\nSe recomienda una dosis de 15 gramos de producto por hect\u00e1rea.\r\nAplicar cuando las malezas se encuentran entre los estados de pl\u00e1ntula hasta 30 cm. (3, 4 o 4 hojas); es decir en activo crecimiento.\r\nSu acci\u00f3n por v\u00eda radical depende de la dosis aplicada y de la cobertura vegetal del suelo, en el momento de la aplicaci\u00f3n.\r\nNo se debe aplicar junto con insecticidas organofosforados, debido a que afectan la capacidad del cultivo para degradar el herbicida.","precauciones":"III \u2013 Ligeramente peligroso","tiempo_de_retiro":"","via_de_administracion1":[""]},"aioseo_notices":[],"jetpack_sharing_enabled":true,"_links":{"self":[{"href":"https:\/\/geneticatricolor.com\/home\/wp-json\/wp\/v2\/product\/76431","targetHints":{"allow":["GET"]}}],"collection":[{"href":"https:\/\/geneticatricolor.com\/home\/wp-json\/wp\/v2\/product"}],"about":[{"href":"https:\/\/geneticatricolor.com\/home\/wp-json\/wp\/v2\/types\/product"}],"author":[{"embeddable":true,"href":"https:\/\/geneticatricolor.com\/home\/wp-json\/wp\/v2\/users\/1"}],"replies":[{"embeddable":true,"href":"https:\/\/geneticatricolor.com\/home\/wp-json\/wp\/v2\/comments?post=76431"}],"wp:featuredmedia":[{"embeddable":true,"href":"https:\/\/geneticatricolor.com\/home\/wp-json\/wp\/v2\/media\/76432"}],"wp:attachment":[{"href":"https:\/\/geneticatricolor.com\/home\/wp-json\/wp\/v2\/media?parent=76431"}],"wp:term":[{"taxonomy":"product_brand","embeddable":true,"href":"https:\/\/geneticatricolor.com\/home\/wp-json\/wp\/v2\/product_brand?post=76431"},{"taxonomy":"product_cat","embeddable":true,"href":"https:\/\/geneticatricolor.com\/home\/wp-json\/wp\/v2\/product_cat?post=76431"},{"taxonomy":"product_tag","embeddable":true,"href":"https:\/\/geneticatricolor.com\/home\/wp-json\/wp\/v2\/product_tag?post=76431"}],"curies":[{"name":"wp","href":"https:\/\/api.w.org\/{rel}","templated":true}]}}