{"id":77552,"date":"2025-06-17T22:41:42","date_gmt":"2025-06-18T03:41:42","guid":{"rendered":"https:\/\/geneticatricolor.com\/home\/tienda\/uncategorized\/mve-sc-3-3\/"},"modified":"2025-06-17T23:19:26","modified_gmt":"2025-06-18T04:19:26","slug":"mve-sc-3-3","status":"publish","type":"product","link":"https:\/\/geneticatricolor.com\/home\/tienda\/implementos-ganaderos\/tanques-termos\/tanque-transp\/mve-sc-3-3\/","title":{"rendered":"MVE SC 3\/3"},"content":{"rendered":"<p>La Serie SC de tanques ofrece una capacidad de inventario est\u00e1ndar con capacidad a lo largo de los tanques con tiempos de retenci\u00f3n en aumento dependiendo de la capacidad. Cada tanque est\u00e1 equipado con la apertura de cuello de 2.18in (55mm) estableciendo el est\u00e1ndar para el tama\u00f1o del recipiente y la capacidad de inventario.<\/p>\n<p><strong>Caracter\u00edsticas Clave:<\/strong><\/p>\n<ul>\n<li><strong>Tiempo de Retenci\u00f3n<\/strong>: 17 d\u00edas<\/li>\n<li><strong>Capacidad<\/strong>: \u2022 6 canastillas<\/li>\n<li>440 pajillas de 1\/2 cc (1 nivel a granel)<\/li>\n<li>Dise\u00f1ado para almacenamiento de capacidad est\u00e1ndar de la industria<\/li>\n<li>Consumo de nitr\u00f3geno l\u00edquido bajo<\/li>\n<li>Tanque ligero y conveniente<\/li>\n<li>Garant\u00eda de Dos A\u00f1os para Repuestos \u2022 Garant\u00eda de Cinco A\u00f1os para Vac\u00edo<\/li>\n<li>Cumple con el MDD 93\/42\/EEC, La Directiva de Dispositivos M\u00e9dicos para la UE<\/li>\n<\/ul>\n<p><span style=\"text-decoration: underline;\"><strong>Capacidad de Almacenamiento M\u00e1xima<\/strong><\/span><\/p>\n<p>\u2022\u00a0<strong>N\u00famero de Canastillas<\/strong>: (6)\u00a0 canastillas de 5 pulgadas<\/p>\n<p>\u2022 <strong>Pajillas de 1\/2 cc (1 nivel a granel)<\/strong>: 440<\/p>\n<p><span style=\"text-decoration: underline;\"><strong>Rendimiento<\/strong><\/span><\/p>\n<p>\u2022\u00a0<strong>Capacidad de LN2<\/strong>: 3.6 litros<br \/>\n\u2022\u00a0<strong>Tasa de Evaporaci\u00f3n Est\u00e1tica<\/strong>* (SER): 0.13 litros por d\u00eda \u2022\u00a0<strong>Duraci\u00f3n de Funcionamiento<\/strong>**: 17 d\u00edas<\/p>\n<p><span style=\"text-decoration: underline;\"><strong>Dimensiones del Unidad<\/strong><\/span><\/p>\n<p>\u2022\u00a0<strong>Apertura de Cuello<\/strong>: 2.18&#8243; (55 mm)<br \/>\n\u2022\u00a0<strong>Altura Total<\/strong>: 16.0&#8243; (406 mm)<br \/>\n\u2022\u00a0<strong>Di\u00e1metro Externo<\/strong>: 8.7&#8243; (222 mm)<br \/>\n\u2022\u00a0<strong>Altura del Recipiente<\/strong>: 5.0&#8243; (127 mm)<br \/>\n\u2022\u00a0<strong>Di\u00e1metro del Recipiente<\/strong>: 1.65&#8243; (41.9 mm)<br \/>\n\u2022\u00a0<strong>Peso Vac\u00edo<\/strong>: 8 lbs. (3.6 kg)<br \/>\n\u2022\u00a0<strong>Peso Lleno<\/strong>: 14.4 lbs. (65 kg)<\/p>\n<p>*Tasas de evaporaci\u00f3n y retenci\u00f3n est\u00e1tica son nominales. La tasa real y el tiempo de retenci\u00f3n ser\u00e1n afectados por la naturaleza del uso del contenedor, condiciones atmosf\u00e9ricas y tolerancias de fabricaci\u00f3n. **La Duraci\u00f3n de Funcionamiento es una referencia arbitraria, para estimar el rendimiento del contenedor bajo condiciones de funcionamiento normales en almacenamiento l\u00edquido. El tiempo de funcionamiento real puede variar debido a las condiciones atmosf\u00e9ricas actuales, historia del contenedor, tolerancias de fabricaci\u00f3n y patrones de uso.<\/p>\n<p><strong>Garant\u00eda de Repuestos durante DOS A\u00f1os \/ Garant\u00eda de Vac\u00edo durante CINCO A\u00f1os<\/strong><\/p>\n","protected":false},"excerpt":{"rendered":"<p>La Serie SC de tanques ofrece una capacidad de inventario est\u00e1ndar con capacidad a lo largo de los tanques con tiempos de retenci\u00f3n en aumento dependiendo de la capacidad. Cada [&hellip;]<\/p>\n","protected":false},"author":1,"featured_media":77561,"comment_status":"open","ping_status":"closed","template":"","meta":{"_acf_changed":false,"inline_featured_image":false,"_monsterinsights_skip_tracking":false,"_monsterinsights_sitenote_active":false,"_monsterinsights_sitenote_note":"","_monsterinsights_sitenote_category":0,"site-sidebar-layout":"default","site-content-layout":"","ast-site-content-layout":"default","site-content-style":"default","site-sidebar-style":"default","ast-global-header-display":"","ast-banner-title-visibility":"","ast-main-header-display":"","ast-hfb-above-header-display":"","ast-hfb-below-header-display":"","ast-hfb-mobile-header-display":"","site-post-title":"","ast-breadcrumbs-content":"","ast-featured-img":"","footer-sml-layout":"","ast-disable-related-posts":"","theme-transparent-header-meta":"default","adv-header-id-meta":"","stick-header-meta":"","header-above-stick-meta":"","header-main-stick-meta":"","header-below-stick-meta":"","astra-migrate-meta-layouts":"set","ast-page-background-enabled":"default","ast-page-background-meta":{"desktop":{"background-color":"var(--ast-global-color-4)","background-image":"","background-repeat":"repeat","background-position":"center center","background-size":"auto","background-attachment":"scroll","background-type":"","background-media":"","overlay-type":"","overlay-color":"","overlay-opacity":"","overlay-gradient":""},"tablet":{"background-color":"","background-image":"","background-repeat":"repeat","background-position":"center center","background-size":"auto","background-attachment":"scroll","background-type":"","background-media":"","overlay-type":"","overlay-color":"","overlay-opacity":"","overlay-gradient":""},"mobile":{"background-color":"","background-image":"","background-repeat":"repeat","background-position":"center center","background-size":"auto","background-attachment":"scroll","background-type":"","background-media":"","overlay-type":"","overlay-color":"","overlay-opacity":"","overlay-gradient":""}},"ast-content-background-meta":{"desktop":{"background-color":"var(--ast-global-color-5)","background-image":"","background-repeat":"repeat","background-position":"center center","background-size":"auto","background-attachment":"scroll","background-type":"","background-media":"","overlay-type":"","overlay-color":"","overlay-opacity":"","overlay-gradient":""},"tablet":{"background-color":"var(--ast-global-color-5)","background-image":"","background-repeat":"repeat","background-position":"center center","background-size":"auto","background-attachment":"scroll","background-type":"","background-media":"","overlay-type":"","overlay-color":"","overlay-opacity":"","overlay-gradient":""},"mobile":{"background-color":"var(--ast-global-color-5)","background-image":"","background-repeat":"repeat","background-position":"center center","background-size":"auto","background-attachment":"scroll","background-type":"","background-media":"","overlay-type":"","overlay-color":"","overlay-opacity":"","overlay-gradient":""}},"jetpack_publicize_message":"","jetpack_publicize_feature_enabled":true,"jetpack_social_post_already_shared":true,"jetpack_social_options":{"image_generator_settings":{"template":"highway","default_image_id":0,"font":"","enabled":false},"version":2}},"product_brand":[],"product_cat":[508],"product_tag":[],"class_list":{"0":"post-77552","1":"product","2":"type-product","3":"status-publish","4":"has-post-thumbnail","6":"product_cat-tanque-transp","7":"desktop-align-left","8":"tablet-align-left","9":"mobile-align-left","11":"first","12":"instock","13":"shipping-taxable","14":"product-type-simple"},"acf":{"laboratorio":"","principio_activo":"","indicaciones":"","concentracion":"","dosis_y_modo_de_empleo":"","precauciones":"","tiempo_de_retiro":"","via_de_administracion1":[""]},"jetpack_publicize_connections":[],"jetpack_sharing_enabled":true,"_links":{"self":[{"href":"https:\/\/geneticatricolor.com\/home\/wp-json\/wp\/v2\/product\/77552","targetHints":{"allow":["GET"]}}],"collection":[{"href":"https:\/\/geneticatricolor.com\/home\/wp-json\/wp\/v2\/product"}],"about":[{"href":"https:\/\/geneticatricolor.com\/home\/wp-json\/wp\/v2\/types\/product"}],"author":[{"embeddable":true,"href":"https:\/\/geneticatricolor.com\/home\/wp-json\/wp\/v2\/users\/1"}],"replies":[{"embeddable":true,"href":"https:\/\/geneticatricolor.com\/home\/wp-json\/wp\/v2\/comments?post=77552"}],"wp:featuredmedia":[{"embeddable":true,"href":"https:\/\/geneticatricolor.com\/home\/wp-json\/wp\/v2\/media\/77561"}],"wp:attachment":[{"href":"https:\/\/geneticatricolor.com\/home\/wp-json\/wp\/v2\/media?parent=77552"}],"wp:term":[{"taxonomy":"product_brand","embeddable":true,"href":"https:\/\/geneticatricolor.com\/home\/wp-json\/wp\/v2\/product_brand?post=77552"},{"taxonomy":"product_cat","embeddable":true,"href":"https:\/\/geneticatricolor.com\/home\/wp-json\/wp\/v2\/product_cat?post=77552"},{"taxonomy":"product_tag","embeddable":true,"href":"https:\/\/geneticatricolor.com\/home\/wp-json\/wp\/v2\/product_tag?post=77552"}],"curies":[{"name":"wp","href":"https:\/\/api.w.org\/{rel}","templated":true}]}}