{"id":77553,"date":"2025-06-17T22:41:44","date_gmt":"2025-06-18T03:41:44","guid":{"rendered":"https:\/\/geneticatricolor.com\/home\/tienda\/uncategorized\/mve-lab-10\/"},"modified":"2025-06-17T23:06:51","modified_gmt":"2025-06-18T04:06:51","slug":"mve-lab-10","status":"publish","type":"product","link":"https:\/\/geneticatricolor.com\/home\/tienda\/implementos-ganaderos\/tanques-termos\/tanque-transp\/mve-lab-10\/","title":{"rendered":"MVE Lab 10"},"content":{"rendered":"<p><strong>La Serie Chart\/MVE Lab de recipientes criog\u00e9nicos l\u00edquidos obtienen su nombre por su aceptaci\u00f3n en laboratorios y instalaciones m\u00e9dicas a nivel mundial.<\/strong><\/p>\n<p>Estos recipientes de alta eficiencia y super aislados son la forma m\u00e1s conveniente y econ\u00f3mica de almacenar y dispensar nitr\u00f3geno l\u00edquido. Muchos unidades de laboratorio pueden ser equipadas con asas de vertido, dispositivos de dispensaci\u00f3n presurizados o cucharas para facilitar la transferencia de nitr\u00f3geno l\u00edquido.<\/p>\n<p><strong>Especificaciones<\/strong> <strong>T\u00e9cnicas<\/strong><\/p>\n<p><strong>Rendimiento<br \/>\n<\/strong>&#8211; Capacidad de LN2 (estimada):\u00a0 10.0\u00a0 litros<br \/>\n&#8211; Tasa de evaporaci\u00f3n est\u00e1tica L\/d\u00eda 0.18<\/p>\n<p><strong>Dimensiones del equipo<\/strong><br \/>\n&#8211; Apertura del cuello en (mm): 2.2 (56)<br \/>\n&#8211; Altura superior en (mm): 21.5 (546)<br \/>\n&#8211; Altura utilizable en (mm): 13.5 (343)<br \/>\n&#8211; Di\u00e1metro exterior en (mm): 10.3 (260)<br \/>\n&#8211; Di\u00e1metro interior en (mm): 8.3 (210)<br \/>\n&#8211; Peso vac\u00edo en libras (kg): 12.0 (5.4)<br \/>\n&#8211; Peso lleno de l\u00edquido en libras (kg): 31.0 (14.0)<\/p>\n<ul>\n<li>La tasa de evaporaci\u00f3n est\u00e1tica y el tiempo de retenci\u00f3n est\u00e1tico son nominales. La tasa y el tiempo de retenci\u00f3n reales se ver\u00e1n afectados por la naturaleza del uso del contenedor, las condiciones atmosf\u00e9ricas y las tolerancias de fabricaci\u00f3n.<\/li>\n<\/ul>\n","protected":false},"excerpt":{"rendered":"<p>La Serie Chart\/MVE Lab de recipientes criog\u00e9nicos l\u00edquidos obtienen su nombre por su aceptaci\u00f3n en laboratorios y instalaciones m\u00e9dicas a nivel mundial. Estos recipientes de alta eficiencia y super aislados [&hellip;]<\/p>\n","protected":false},"author":1,"featured_media":77558,"comment_status":"open","ping_status":"closed","template":"","meta":{"_acf_changed":false,"inline_featured_image":false,"_monsterinsights_skip_tracking":false,"_monsterinsights_sitenote_active":false,"_monsterinsights_sitenote_note":"","_monsterinsights_sitenote_category":0,"site-sidebar-layout":"default","site-content-layout":"","ast-site-content-layout":"default","site-content-style":"default","site-sidebar-style":"default","ast-global-header-display":"","ast-banner-title-visibility":"","ast-main-header-display":"","ast-hfb-above-header-display":"","ast-hfb-below-header-display":"","ast-hfb-mobile-header-display":"","site-post-title":"","ast-breadcrumbs-content":"","ast-featured-img":"","footer-sml-layout":"","ast-disable-related-posts":"","theme-transparent-header-meta":"default","adv-header-id-meta":"","stick-header-meta":"","header-above-stick-meta":"","header-main-stick-meta":"","header-below-stick-meta":"","astra-migrate-meta-layouts":"set","ast-page-background-enabled":"default","ast-page-background-meta":{"desktop":{"background-color":"var(--ast-global-color-4)","background-image":"","background-repeat":"repeat","background-position":"center center","background-size":"auto","background-attachment":"scroll","background-type":"","background-media":"","overlay-type":"","overlay-color":"","overlay-opacity":"","overlay-gradient":""},"tablet":{"background-color":"","background-image":"","background-repeat":"repeat","background-position":"center center","background-size":"auto","background-attachment":"scroll","background-type":"","background-media":"","overlay-type":"","overlay-color":"","overlay-opacity":"","overlay-gradient":""},"mobile":{"background-color":"","background-image":"","background-repeat":"repeat","background-position":"center center","background-size":"auto","background-attachment":"scroll","background-type":"","background-media":"","overlay-type":"","overlay-color":"","overlay-opacity":"","overlay-gradient":""}},"ast-content-background-meta":{"desktop":{"background-color":"var(--ast-global-color-5)","background-image":"","background-repeat":"repeat","background-position":"center center","background-size":"auto","background-attachment":"scroll","background-type":"","background-media":"","overlay-type":"","overlay-color":"","overlay-opacity":"","overlay-gradient":""},"tablet":{"background-color":"var(--ast-global-color-5)","background-image":"","background-repeat":"repeat","background-position":"center center","background-size":"auto","background-attachment":"scroll","background-type":"","background-media":"","overlay-type":"","overlay-color":"","overlay-opacity":"","overlay-gradient":""},"mobile":{"background-color":"var(--ast-global-color-5)","background-image":"","background-repeat":"repeat","background-position":"center center","background-size":"auto","background-attachment":"scroll","background-type":"","background-media":"","overlay-type":"","overlay-color":"","overlay-opacity":"","overlay-gradient":""}},"jetpack_publicize_message":"","jetpack_publicize_feature_enabled":true,"jetpack_social_post_already_shared":true,"jetpack_social_options":{"image_generator_settings":{"template":"highway","default_image_id":0,"font":"","enabled":false},"version":2}},"product_brand":[],"product_cat":[508],"product_tag":[],"class_list":{"0":"post-77553","1":"product","2":"type-product","3":"status-publish","4":"has-post-thumbnail","6":"product_cat-tanque-transp","7":"desktop-align-left","8":"tablet-align-left","9":"mobile-align-left","11":"first","12":"instock","13":"shipping-taxable","14":"product-type-simple"},"acf":{"laboratorio":"","principio_activo":"","indicaciones":"","concentracion":"","dosis_y_modo_de_empleo":"","precauciones":"","tiempo_de_retiro":"","via_de_administracion1":[""]},"jetpack_publicize_connections":[],"jetpack_sharing_enabled":true,"_links":{"self":[{"href":"https:\/\/geneticatricolor.com\/home\/wp-json\/wp\/v2\/product\/77553","targetHints":{"allow":["GET"]}}],"collection":[{"href":"https:\/\/geneticatricolor.com\/home\/wp-json\/wp\/v2\/product"}],"about":[{"href":"https:\/\/geneticatricolor.com\/home\/wp-json\/wp\/v2\/types\/product"}],"author":[{"embeddable":true,"href":"https:\/\/geneticatricolor.com\/home\/wp-json\/wp\/v2\/users\/1"}],"replies":[{"embeddable":true,"href":"https:\/\/geneticatricolor.com\/home\/wp-json\/wp\/v2\/comments?post=77553"}],"wp:featuredmedia":[{"embeddable":true,"href":"https:\/\/geneticatricolor.com\/home\/wp-json\/wp\/v2\/media\/77558"}],"wp:attachment":[{"href":"https:\/\/geneticatricolor.com\/home\/wp-json\/wp\/v2\/media?parent=77553"}],"wp:term":[{"taxonomy":"product_brand","embeddable":true,"href":"https:\/\/geneticatricolor.com\/home\/wp-json\/wp\/v2\/product_brand?post=77553"},{"taxonomy":"product_cat","embeddable":true,"href":"https:\/\/geneticatricolor.com\/home\/wp-json\/wp\/v2\/product_cat?post=77553"},{"taxonomy":"product_tag","embeddable":true,"href":"https:\/\/geneticatricolor.com\/home\/wp-json\/wp\/v2\/product_tag?post=77553"}],"curies":[{"name":"wp","href":"https:\/\/api.w.org\/{rel}","templated":true}]}}