{"id":77554,"date":"2025-06-17T22:41:45","date_gmt":"2025-06-18T03:41:45","guid":{"rendered":"https:\/\/geneticatricolor.com\/home\/tienda\/uncategorized\/mve-sc-35-24\/"},"modified":"2025-06-17T22:53:10","modified_gmt":"2025-06-18T03:53:10","slug":"mve-sc-35-24","status":"publish","type":"product","link":"https:\/\/geneticatricolor.com\/home\/tienda\/implementos-ganaderos\/tanques-termos\/tanques-alm\/mve-sc-35-24\/","title":{"rendered":"MVE SC 35\/24"},"content":{"rendered":"<p><strong>La Serie SC de tanques ofrece una capacidad de inventario est\u00e1ndar con capacidad a lo largo de los tanques con tiempos de retenci\u00f3n en aumento dependiendo de la capacidad.<\/strong><\/p>\n<p>Cada tanque est\u00e1 equipado con la apertura de cuello de 2.18 pulgadas (55mm) que establece el est\u00e1ndar para el tama\u00f1o del contenedor y la capacidad de inventario.<\/p>\n<p><strong>Capacidad de Almacenamiento M\u00e1xima<\/strong><\/p>\n<p>\u2022 N\u00famero de Canastillas: (6) 11 pulgadas.<br \/>\n\u2022 Pajillas de 1\/2 cc (10 por bast\u00f3n): 660<br \/>\n<span style=\"font-size: 16px;\">\u2022 Pajillas de 1\/2 cc (1 nivel a granel): 879<br \/>\n<\/span>\u2022 Viales de 1.2 ml (6 por bast\u00f3n): 252<br \/>\n\u2022 Viales de 2.0 ml (5 por bast\u00f3n): 210<\/p>\n<p><strong>Rendimiento<\/strong><\/p>\n<p>\u2022 Capacidad de LN2: 20,5 litros<br \/>\n\u2022Tasa de Evaporaci\u00f3n Est\u00e1tica*: 0,085 litros por d\u00eda<br \/>\n\u2022 Duraci\u00f3n de Trabajo**: 150 d\u00edas<\/p>\n<p><strong>Dimensiones del Elemento<\/strong><\/p>\n<p>\u2022 Abertura de Cuello: 2.18&#8243; (55 mm)<br \/>\n\u2022 Altura Total: 26.0&#8243; (660 mm)<br \/>\n\u2022 Di\u00e1metro Exterior: 14.5&#8243; (368 mm)<br \/>\n\u2022 Altura del Contenedor: 11.0&#8243; (279 mm)<br \/>\n\u2022 Di\u00e1metro del Contenedor: 1.65&#8243; (41.9 mm)<br \/>\n\u2022 Peso Vac\u00edo: 22.5 lbs. (10.2 kg)<br \/>\n\u2022 Peso Lleno: 58.99 lbs. (26.7 kg)<\/p>\n<ul>\n<li>La tasa de evaporaci\u00f3n est\u00e1tica y el tiempo de retenci\u00f3n est\u00e1n nominales. La tasa y el tiempo reales pueden verse afectados por la naturaleza del uso del contenedor, las condiciones atmosf\u00e9ricas y las tolerancias de fabricaci\u00f3n. ** La duraci\u00f3n de trabajo es una referencia arbitraria, para estimar el rendimiento del contenedor bajo condiciones de funcionamiento normales en almacenamiento l\u00edquido. El tiempo de trabajo real puede variar debido a las condiciones atmosf\u00e9ricas actuales, la historia del contenedor, las tolerancias de fabricaci\u00f3n y los patrones de uso.<\/li>\n<\/ul>\n","protected":false},"excerpt":{"rendered":"<p>La Serie SC de tanques ofrece una capacidad de inventario est\u00e1ndar con capacidad a lo largo de los tanques con tiempos de retenci\u00f3n en aumento dependiendo de la capacidad. Cada [&hellip;]<\/p>\n","protected":false},"author":1,"featured_media":77555,"comment_status":"open","ping_status":"closed","template":"","meta":{"_acf_changed":false,"inline_featured_image":false,"_monsterinsights_skip_tracking":false,"_monsterinsights_sitenote_active":false,"_monsterinsights_sitenote_note":"","_monsterinsights_sitenote_category":0,"site-sidebar-layout":"default","site-content-layout":"","ast-site-content-layout":"default","site-content-style":"default","site-sidebar-style":"default","ast-global-header-display":"","ast-banner-title-visibility":"","ast-main-header-display":"","ast-hfb-above-header-display":"","ast-hfb-below-header-display":"","ast-hfb-mobile-header-display":"","site-post-title":"","ast-breadcrumbs-content":"","ast-featured-img":"","footer-sml-layout":"","ast-disable-related-posts":"","theme-transparent-header-meta":"default","adv-header-id-meta":"","stick-header-meta":"","header-above-stick-meta":"","header-main-stick-meta":"","header-below-stick-meta":"","astra-migrate-meta-layouts":"set","ast-page-background-enabled":"default","ast-page-background-meta":{"desktop":{"background-color":"var(--ast-global-color-4)","background-image":"","background-repeat":"repeat","background-position":"center center","background-size":"auto","background-attachment":"scroll","background-type":"","background-media":"","overlay-type":"","overlay-color":"","overlay-opacity":"","overlay-gradient":""},"tablet":{"background-color":"","background-image":"","background-repeat":"repeat","background-position":"center center","background-size":"auto","background-attachment":"scroll","background-type":"","background-media":"","overlay-type":"","overlay-color":"","overlay-opacity":"","overlay-gradient":""},"mobile":{"background-color":"","background-image":"","background-repeat":"repeat","background-position":"center center","background-size":"auto","background-attachment":"scroll","background-type":"","background-media":"","overlay-type":"","overlay-color":"","overlay-opacity":"","overlay-gradient":""}},"ast-content-background-meta":{"desktop":{"background-color":"var(--ast-global-color-5)","background-image":"","background-repeat":"repeat","background-position":"center center","background-size":"auto","background-attachment":"scroll","background-type":"","background-media":"","overlay-type":"","overlay-color":"","overlay-opacity":"","overlay-gradient":""},"tablet":{"background-color":"var(--ast-global-color-5)","background-image":"","background-repeat":"repeat","background-position":"center center","background-size":"auto","background-attachment":"scroll","background-type":"","background-media":"","overlay-type":"","overlay-color":"","overlay-opacity":"","overlay-gradient":""},"mobile":{"background-color":"var(--ast-global-color-5)","background-image":"","background-repeat":"repeat","background-position":"center center","background-size":"auto","background-attachment":"scroll","background-type":"","background-media":"","overlay-type":"","overlay-color":"","overlay-opacity":"","overlay-gradient":""}},"jetpack_publicize_message":"","jetpack_publicize_feature_enabled":true,"jetpack_social_post_already_shared":true,"jetpack_social_options":{"image_generator_settings":{"template":"highway","default_image_id":0,"font":"","enabled":false},"version":2}},"product_brand":[],"product_cat":[507],"product_tag":[],"class_list":{"0":"post-77554","1":"product","2":"type-product","3":"status-publish","4":"has-post-thumbnail","6":"product_cat-tanques-alm","7":"desktop-align-left","8":"tablet-align-left","9":"mobile-align-left","11":"first","12":"instock","13":"shipping-taxable","14":"product-type-simple"},"acf":{"laboratorio":"","principio_activo":"","indicaciones":"","concentracion":"","dosis_y_modo_de_empleo":"","precauciones":"","tiempo_de_retiro":"","via_de_administracion1":[""]},"jetpack_publicize_connections":[],"jetpack_sharing_enabled":true,"_links":{"self":[{"href":"https:\/\/geneticatricolor.com\/home\/wp-json\/wp\/v2\/product\/77554","targetHints":{"allow":["GET"]}}],"collection":[{"href":"https:\/\/geneticatricolor.com\/home\/wp-json\/wp\/v2\/product"}],"about":[{"href":"https:\/\/geneticatricolor.com\/home\/wp-json\/wp\/v2\/types\/product"}],"author":[{"embeddable":true,"href":"https:\/\/geneticatricolor.com\/home\/wp-json\/wp\/v2\/users\/1"}],"replies":[{"embeddable":true,"href":"https:\/\/geneticatricolor.com\/home\/wp-json\/wp\/v2\/comments?post=77554"}],"wp:featuredmedia":[{"embeddable":true,"href":"https:\/\/geneticatricolor.com\/home\/wp-json\/wp\/v2\/media\/77555"}],"wp:attachment":[{"href":"https:\/\/geneticatricolor.com\/home\/wp-json\/wp\/v2\/media?parent=77554"}],"wp:term":[{"taxonomy":"product_brand","embeddable":true,"href":"https:\/\/geneticatricolor.com\/home\/wp-json\/wp\/v2\/product_brand?post=77554"},{"taxonomy":"product_cat","embeddable":true,"href":"https:\/\/geneticatricolor.com\/home\/wp-json\/wp\/v2\/product_cat?post=77554"},{"taxonomy":"product_tag","embeddable":true,"href":"https:\/\/geneticatricolor.com\/home\/wp-json\/wp\/v2\/product_tag?post=77554"}],"curies":[{"name":"wp","href":"https:\/\/api.w.org\/{rel}","templated":true}]}}