{"id":78885,"date":"2025-09-29T05:04:19","date_gmt":"2025-09-29T10:04:19","guid":{"rendered":"https:\/\/geneticatricolor.com\/home\/tienda\/uncategorized\/delta-everest-40-espartano\/"},"modified":"2025-09-29T05:04:20","modified_gmt":"2025-09-29T10:04:20","slug":"delta-everest-40-espartano","status":"publish","type":"product","link":"https:\/\/geneticatricolor.com\/home\/tienda\/donadoras-de-embriones\/donadoras-brangus\/delta-everest-40-espartano\/","title":{"rendered":"DELTA EVEREST 40 ESPARTANO"},"content":{"rendered":"<p>La 40 estableci\u00f3 un r\u00e9cord hist\u00f3rico de precio para la raza Brangus en Colombia, alcanzando la cifra de 40 mil d\u00f3lares por el 50% de su propiedad durante nuestro primer remate Presente y Futuro.<\/p>\n<p>Ella es el resultado de cuatro generaciones de un linaje consistente, iniciando con la 410, seguida por la 602 \u2014quien obtuvo el t\u00edtulo de Campeona Nacional siendo ternera\u2014; posteriormente la 12, doble Gran Campeona Nacional; y finalmente la 40, que representa cuatro generaciones criadas mediante inseminaci\u00f3n artificial.<br \/>\nEsto constituye un desaf\u00edo, dado que actualmente es poco com\u00fan encontrar familias de vacas que se multipliquen por esta v\u00eda en lugar de recurrir a la transferencia de embriones.<\/p>\n<p>Este hecho demuestra la consistencia gen\u00e9tica lograda por nuestro programa, fruto de un meticuloso trabajo de selecci\u00f3n fenot\u00edpica y una alta presi\u00f3n de selecci\u00f3n reproductiva.<\/p>\n<p>A la edad de once meses produjo sus primeros embriones y, a los quince meses, qued\u00f3 pre\u00f1ada en su celo natural.<br \/>\nSobresale por su feminidad, clase, pelaje corto y profundidad.<\/p>\n<p>Sin duda, constituye una de las futuras madres de mayor relevancia para la raza Brangus en Colombia.<\/p>\n","protected":false},"excerpt":{"rendered":"<p>Embriones congeldos en venta de DELTA EVEREST 40 ESPARTANO<\/p>\n","protected":false},"author":1,"featured_media":78864,"comment_status":"open","ping_status":"closed","template":"","meta":{"_acf_changed":false,"inline_featured_image":false,"_monsterinsights_skip_tracking":false,"_monsterinsights_sitenote_active":false,"_monsterinsights_sitenote_note":"","_monsterinsights_sitenote_category":0,"site-sidebar-layout":"default","site-content-layout":"","ast-site-content-layout":"default","site-content-style":"default","site-sidebar-style":"default","ast-global-header-display":"","ast-banner-title-visibility":"","ast-main-header-display":"","ast-hfb-above-header-display":"","ast-hfb-below-header-display":"","ast-hfb-mobile-header-display":"","site-post-title":"","ast-breadcrumbs-content":"","ast-featured-img":"","footer-sml-layout":"","ast-disable-related-posts":"","theme-transparent-header-meta":"","adv-header-id-meta":"","stick-header-meta":"","header-above-stick-meta":"","header-main-stick-meta":"","header-below-stick-meta":"","astra-migrate-meta-layouts":"default","ast-page-background-enabled":"default","ast-page-background-meta":{"desktop":{"background-color":"var(--ast-global-color-4)","background-image":"","background-repeat":"repeat","background-position":"center center","background-size":"auto","background-attachment":"scroll","background-type":"","background-media":"","overlay-type":"","overlay-color":"","overlay-opacity":"","overlay-gradient":""},"tablet":{"background-color":"","background-image":"","background-repeat":"repeat","background-position":"center center","background-size":"auto","background-attachment":"scroll","background-type":"","background-media":"","overlay-type":"","overlay-color":"","overlay-opacity":"","overlay-gradient":""},"mobile":{"background-color":"","background-image":"","background-repeat":"repeat","background-position":"center center","background-size":"auto","background-attachment":"scroll","background-type":"","background-media":"","overlay-type":"","overlay-color":"","overlay-opacity":"","overlay-gradient":""}},"ast-content-background-meta":{"desktop":{"background-color":"var(--ast-global-color-5)","background-image":"","background-repeat":"repeat","background-position":"center center","background-size":"auto","background-attachment":"scroll","background-type":"","background-media":"","overlay-type":"","overlay-color":"","overlay-opacity":"","overlay-gradient":""},"tablet":{"background-color":"var(--ast-global-color-5)","background-image":"","background-repeat":"repeat","background-position":"center center","background-size":"auto","background-attachment":"scroll","background-type":"","background-media":"","overlay-type":"","overlay-color":"","overlay-opacity":"","overlay-gradient":""},"mobile":{"background-color":"var(--ast-global-color-5)","background-image":"","background-repeat":"repeat","background-position":"center center","background-size":"auto","background-attachment":"scroll","background-type":"","background-media":"","overlay-type":"","overlay-color":"","overlay-opacity":"","overlay-gradient":""}},"jetpack_publicize_message":"","jetpack_publicize_feature_enabled":true,"jetpack_social_post_already_shared":true,"jetpack_social_options":{"image_generator_settings":{"template":"highway","default_image_id":0,"font":"","enabled":false},"version":2}},"product_brand":[],"product_cat":[1157],"product_tag":[422],"class_list":{"0":"post-78885","1":"product","2":"type-product","3":"status-publish","4":"has-post-thumbnail","6":"product_cat-donadoras-brangus","7":"product_tag-brangus-negro","8":"desktop-align-left","9":"tablet-align-left","10":"mobile-align-left","12":"first","13":"instock","14":"shipping-taxable","15":"product-type-simple"},"acf":{"laboratorio":"","principio_activo":"","indicaciones":"","concentracion":"","dosis_y_modo_de_empleo":"","precauciones":"","tiempo_de_retiro":"","via_de_administracion1":[]},"jetpack_publicize_connections":[],"jetpack_sharing_enabled":true,"_links":{"self":[{"href":"https:\/\/geneticatricolor.com\/home\/wp-json\/wp\/v2\/product\/78885","targetHints":{"allow":["GET"]}}],"collection":[{"href":"https:\/\/geneticatricolor.com\/home\/wp-json\/wp\/v2\/product"}],"about":[{"href":"https:\/\/geneticatricolor.com\/home\/wp-json\/wp\/v2\/types\/product"}],"author":[{"embeddable":true,"href":"https:\/\/geneticatricolor.com\/home\/wp-json\/wp\/v2\/users\/1"}],"replies":[{"embeddable":true,"href":"https:\/\/geneticatricolor.com\/home\/wp-json\/wp\/v2\/comments?post=78885"}],"wp:featuredmedia":[{"embeddable":true,"href":"https:\/\/geneticatricolor.com\/home\/wp-json\/wp\/v2\/media\/78864"}],"wp:attachment":[{"href":"https:\/\/geneticatricolor.com\/home\/wp-json\/wp\/v2\/media?parent=78885"}],"wp:term":[{"taxonomy":"product_brand","embeddable":true,"href":"https:\/\/geneticatricolor.com\/home\/wp-json\/wp\/v2\/product_brand?post=78885"},{"taxonomy":"product_cat","embeddable":true,"href":"https:\/\/geneticatricolor.com\/home\/wp-json\/wp\/v2\/product_cat?post=78885"},{"taxonomy":"product_tag","embeddable":true,"href":"https:\/\/geneticatricolor.com\/home\/wp-json\/wp\/v2\/product_tag?post=78885"}],"curies":[{"name":"wp","href":"https:\/\/api.w.org\/{rel}","templated":true}]}}