{"id":78891,"date":"2025-09-29T05:04:25","date_gmt":"2025-09-29T10:04:25","guid":{"rendered":"https:\/\/geneticatricolor.com\/home\/tienda\/uncategorized\/delta-caranda-m22-dg-francesco-te\/"},"modified":"2025-09-29T05:04:25","modified_gmt":"2025-09-29T10:04:25","slug":"delta-caranda-m22-dg-francesco-te","status":"publish","type":"product","link":"https:\/\/geneticatricolor.com\/home\/tienda\/donadoras-de-embriones\/donadoras-brangus\/delta-caranda-m22-dg-francesco-te\/","title":{"rendered":"DELTA CARANDA M22-DG FRANCESCO TE"},"content":{"rendered":"<p>La M22 es un legado de excelencia proveniente de un embri\u00f3n importado de la Caba\u00f1a El Bagual, que representa una historia dentro de nuestro programa.<br \/>\nHija de la 5538 (Franchesco) sobre Carand\u00e1, Reservado Gran Campe\u00f3n de Palermo 2018, esta hembra ha demostrado ser una de las donantes m\u00e1s consistentes y productivas de nuestra ganader\u00eda.<\/p>\n<p>Se destaca por su pelo corto, talla moderada, la fortaleza de su l\u00ednea superior, un lomo ancho y largo, ombligo muy corto, excelentes aplomos y una ubre excepcional.<br \/>\nLa M22 es un modelo de clase y funcionalidad.<\/p>\n<p>Su producci\u00f3n es notablemente homog\u00e9nea, transmitiendo a sus hijas gran feminidad, correcci\u00f3n estructural y muy buena conformaci\u00f3n.<br \/>\nLa M22 es adem\u00e1s un claro ejemplo de curve bender: transmite bajos pesos al nacimiento pero excelentes pesos al destete, una combinaci\u00f3n ideal para la producci\u00f3n de carne.<\/p>\n<p>Criada en condiciones de tr\u00f3pico bajo, esta hembra ha demostrado su versatilidad, obteniendo 4 campeonatos en 4 participaciones en exposiciones, incluyendo una medalla de bronce en el Concurso Internacional de Brangus Breeders 2021.<\/p>\n","protected":false},"excerpt":{"rendered":"<p>Embriones congeldos en venta de DELTA CARANDA M22-DG FRANCESCO TE<\/p>\n","protected":false},"author":1,"featured_media":78856,"comment_status":"open","ping_status":"closed","template":"","meta":{"_acf_changed":false,"inline_featured_image":false,"_monsterinsights_skip_tracking":false,"_monsterinsights_sitenote_active":false,"_monsterinsights_sitenote_note":"","_monsterinsights_sitenote_category":0,"site-sidebar-layout":"default","site-content-layout":"","ast-site-content-layout":"default","site-content-style":"default","site-sidebar-style":"default","ast-global-header-display":"","ast-banner-title-visibility":"","ast-main-header-display":"","ast-hfb-above-header-display":"","ast-hfb-below-header-display":"","ast-hfb-mobile-header-display":"","site-post-title":"","ast-breadcrumbs-content":"","ast-featured-img":"","footer-sml-layout":"","ast-disable-related-posts":"","theme-transparent-header-meta":"","adv-header-id-meta":"","stick-header-meta":"","header-above-stick-meta":"","header-main-stick-meta":"","header-below-stick-meta":"","astra-migrate-meta-layouts":"default","ast-page-background-enabled":"default","ast-page-background-meta":{"desktop":{"background-color":"var(--ast-global-color-4)","background-image":"","background-repeat":"repeat","background-position":"center center","background-size":"auto","background-attachment":"scroll","background-type":"","background-media":"","overlay-type":"","overlay-color":"","overlay-opacity":"","overlay-gradient":""},"tablet":{"background-color":"","background-image":"","background-repeat":"repeat","background-position":"center center","background-size":"auto","background-attachment":"scroll","background-type":"","background-media":"","overlay-type":"","overlay-color":"","overlay-opacity":"","overlay-gradient":""},"mobile":{"background-color":"","background-image":"","background-repeat":"repeat","background-position":"center center","background-size":"auto","background-attachment":"scroll","background-type":"","background-media":"","overlay-type":"","overlay-color":"","overlay-opacity":"","overlay-gradient":""}},"ast-content-background-meta":{"desktop":{"background-color":"var(--ast-global-color-5)","background-image":"","background-repeat":"repeat","background-position":"center center","background-size":"auto","background-attachment":"scroll","background-type":"","background-media":"","overlay-type":"","overlay-color":"","overlay-opacity":"","overlay-gradient":""},"tablet":{"background-color":"var(--ast-global-color-5)","background-image":"","background-repeat":"repeat","background-position":"center center","background-size":"auto","background-attachment":"scroll","background-type":"","background-media":"","overlay-type":"","overlay-color":"","overlay-opacity":"","overlay-gradient":""},"mobile":{"background-color":"var(--ast-global-color-5)","background-image":"","background-repeat":"repeat","background-position":"center center","background-size":"auto","background-attachment":"scroll","background-type":"","background-media":"","overlay-type":"","overlay-color":"","overlay-opacity":"","overlay-gradient":""}},"jetpack_publicize_message":"","jetpack_publicize_feature_enabled":true,"jetpack_social_post_already_shared":true,"jetpack_social_options":{"image_generator_settings":{"template":"highway","default_image_id":0,"font":"","enabled":false},"version":2}},"product_brand":[],"product_cat":[1157],"product_tag":[422],"class_list":{"0":"post-78891","1":"product","2":"type-product","3":"status-publish","4":"has-post-thumbnail","6":"product_cat-donadoras-brangus","7":"product_tag-brangus-negro","8":"desktop-align-left","9":"tablet-align-left","10":"mobile-align-left","12":"first","13":"instock","14":"shipping-taxable","15":"product-type-simple"},"acf":{"laboratorio":"","principio_activo":"","indicaciones":"","concentracion":"","dosis_y_modo_de_empleo":"","precauciones":"","tiempo_de_retiro":"","via_de_administracion1":[]},"jetpack_publicize_connections":[],"jetpack_sharing_enabled":true,"_links":{"self":[{"href":"https:\/\/geneticatricolor.com\/home\/wp-json\/wp\/v2\/product\/78891","targetHints":{"allow":["GET"]}}],"collection":[{"href":"https:\/\/geneticatricolor.com\/home\/wp-json\/wp\/v2\/product"}],"about":[{"href":"https:\/\/geneticatricolor.com\/home\/wp-json\/wp\/v2\/types\/product"}],"author":[{"embeddable":true,"href":"https:\/\/geneticatricolor.com\/home\/wp-json\/wp\/v2\/users\/1"}],"replies":[{"embeddable":true,"href":"https:\/\/geneticatricolor.com\/home\/wp-json\/wp\/v2\/comments?post=78891"}],"wp:featuredmedia":[{"embeddable":true,"href":"https:\/\/geneticatricolor.com\/home\/wp-json\/wp\/v2\/media\/78856"}],"wp:attachment":[{"href":"https:\/\/geneticatricolor.com\/home\/wp-json\/wp\/v2\/media?parent=78891"}],"wp:term":[{"taxonomy":"product_brand","embeddable":true,"href":"https:\/\/geneticatricolor.com\/home\/wp-json\/wp\/v2\/product_brand?post=78891"},{"taxonomy":"product_cat","embeddable":true,"href":"https:\/\/geneticatricolor.com\/home\/wp-json\/wp\/v2\/product_cat?post=78891"},{"taxonomy":"product_tag","embeddable":true,"href":"https:\/\/geneticatricolor.com\/home\/wp-json\/wp\/v2\/product_tag?post=78891"}],"curies":[{"name":"wp","href":"https:\/\/api.w.org\/{rel}","templated":true}]}}