{"id":8315,"date":"2018-10-06T19:07:29","date_gmt":"2018-10-07T00:07:29","guid":{"rendered":"http:\/\/geneticatricolor.com\/home\/?post_type=product&#038;p=8315"},"modified":"2025-06-17T22:20:54","modified_gmt":"2025-06-18T03:20:54","slug":"mve-xc-4711-10almacenamiento","status":"publish","type":"product","link":"https:\/\/geneticatricolor.com\/home\/tienda\/implementos-ganaderos\/tanques-termos\/tanques-alm\/mve-xc-4711-10almacenamiento\/","title":{"rendered":"MVE XC 47\/11-10"},"content":{"rendered":"<p><strong>CAPACIDAD M\u00c1XIMA<\/strong><\/p>\n<ul>\n<li>N\u00famero de canastillas:\u00a0 10<\/li>\n<li>Capacidad (pajillas 0,5 ml) 10\/Gobelet:\u00a0 3,200+<\/li>\n<li>Capacidad (pajillas 0,5 ml) (1 Piso a granel):\u00a0 5,000<\/li>\n<li>Capacidad (viales 1.2 &amp; 2.0 ml) (6\/Gobelet):\u00a0 1,260<\/li>\n<\/ul>\n<p><strong>RENDIMIENTO<\/strong><\/p>\n<ul>\n<li>Capacidad de nitr\u00f3geno l\u00edquido (litros):\u00a0 47.4<\/li>\n<li>Tasa de evaporaci\u00f3n est\u00e1tica (litros\/d\u00eda)*:\u00a0 0.39<\/li>\n<li>Duraci\u00f3n de trabajo(d\u00edas)**:\u00a0 76<\/li>\n<\/ul>\n<p><strong>DIMENSIONES<\/strong><\/p>\n<ul>\n<li>Apertura en el cuello (mm):\u00a0 127<\/li>\n<li>Altura total (mm):\u00a0 673<\/li>\n<li>Di\u00e1metro Externo (mm):\u00a0 508<\/li>\n<li>Altura de las canastillas (mm):\u00a0 279<\/li>\n<li>Di\u00e1metro de las canastillas (mm):\u00a0 71<\/li>\n<li>Peso Vac\u00edo (kg): 19.0<\/li>\n<li>Peso lleno (kg):\u00a0 54.6<\/li>\n<\/ul>\n<div id=\"gt-res-content\">\n<h6 id=\"gt-res-dir-ctr\" class=\"trans-verified-button-small\" dir=\"ltr\"><span id=\"result_box\" class=\"\" lang=\"es\"><span class=\"\">*La tasa de evaporaci\u00f3n est\u00e1tica y el tiempo de retenci\u00f3n est\u00e1tico son nominales.<\/span> <span class=\"\">La tasa real y el tiempo de retenci\u00f3n se ver\u00e1n afectados por el uso del contenedor, las condiciones atmosf\u00e9ricas y las tolerancias de fabricaci\u00f3n.<\/span><br \/>\n** Duraci\u00f3n de trabajo es una referencia arbitraria, para estimar el rendimiento del contenedor en condiciones normales de operaci\u00f3n en almacenamiento de l\u00edquidos. El tiempo de trabajo real puede variar debido a las condiciones atmosf\u00e9ricas actuales, el historial del contenedor, las tolerancias de fabricaci\u00f3n y los patrones de uso.<\/span><\/h6>\n<\/div>\n<p id=\"gt-res-tools\">Nota: Este producto es importado y se vende sobre pedido. Se liquida a la tasa representativa del mercado del d\u00eda de la compra.<\/p>\n","protected":false},"excerpt":{"rendered":"<p>CAPACIDAD M\u00c1XIMA N\u00famero de canastillas:\u00a0 10 Capacidad (pajillas 0,5 ml) 10\/Gobelet:\u00a0 3,200+ Capacidad (pajillas 0,5 ml) (1 Piso a granel):\u00a0 5,000 Capacidad (viales 1.2 &amp; 2.0 ml) (6\/Gobelet):\u00a0 1,260 RENDIMIENTO [&hellip;]<\/p>\n","protected":false},"author":1,"featured_media":77548,"comment_status":"open","ping_status":"closed","template":"","meta":{"_acf_changed":false,"inline_featured_image":false,"_monsterinsights_skip_tracking":false,"_monsterinsights_sitenote_active":false,"_monsterinsights_sitenote_note":"","_monsterinsights_sitenote_category":0,"site-sidebar-layout":"default","site-content-layout":"","ast-site-content-layout":"default","site-content-style":"default","site-sidebar-style":"default","ast-global-header-display":"","ast-banner-title-visibility":"","ast-main-header-display":"","ast-hfb-above-header-display":"","ast-hfb-below-header-display":"","ast-hfb-mobile-header-display":"","site-post-title":"","ast-breadcrumbs-content":"","ast-featured-img":"","footer-sml-layout":"","ast-disable-related-posts":"","theme-transparent-header-meta":"default","adv-header-id-meta":"","stick-header-meta":"","header-above-stick-meta":"","header-main-stick-meta":"","header-below-stick-meta":"","astra-migrate-meta-layouts":"set","ast-page-background-enabled":"default","ast-page-background-meta":{"desktop":{"background-color":"var(--ast-global-color-4)","background-image":"","background-repeat":"repeat","background-position":"center center","background-size":"auto","background-attachment":"scroll","background-type":"","background-media":"","overlay-type":"","overlay-color":"","overlay-opacity":"","overlay-gradient":""},"tablet":{"background-color":"","background-image":"","background-repeat":"repeat","background-position":"center center","background-size":"auto","background-attachment":"scroll","background-type":"","background-media":"","overlay-type":"","overlay-color":"","overlay-opacity":"","overlay-gradient":""},"mobile":{"background-color":"","background-image":"","background-repeat":"repeat","background-position":"center center","background-size":"auto","background-attachment":"scroll","background-type":"","background-media":"","overlay-type":"","overlay-color":"","overlay-opacity":"","overlay-gradient":""}},"ast-content-background-meta":{"desktop":{"background-color":"var(--ast-global-color-5)","background-image":"","background-repeat":"repeat","background-position":"center center","background-size":"auto","background-attachment":"scroll","background-type":"","background-media":"","overlay-type":"","overlay-color":"","overlay-opacity":"","overlay-gradient":""},"tablet":{"background-color":"var(--ast-global-color-5)","background-image":"","background-repeat":"repeat","background-position":"center center","background-size":"auto","background-attachment":"scroll","background-type":"","background-media":"","overlay-type":"","overlay-color":"","overlay-opacity":"","overlay-gradient":""},"mobile":{"background-color":"var(--ast-global-color-5)","background-image":"","background-repeat":"repeat","background-position":"center center","background-size":"auto","background-attachment":"scroll","background-type":"","background-media":"","overlay-type":"","overlay-color":"","overlay-opacity":"","overlay-gradient":""}},"jetpack_publicize_message":"","jetpack_publicize_feature_enabled":true,"jetpack_social_post_already_shared":true,"jetpack_social_options":{"image_generator_settings":{"template":"highway","default_image_id":0,"font":"","enabled":false},"version":2}},"product_brand":[],"product_cat":[507],"product_tag":[498],"class_list":{"0":"post-8315","1":"product","2":"type-product","3":"status-publish","4":"has-post-thumbnail","6":"product_cat-tanques-alm","7":"product_tag-termos-de-almacenamiento","8":"desktop-align-left","9":"tablet-align-left","10":"mobile-align-left","12":"first","13":"instock","14":"shipping-taxable","15":"product-type-simple"},"acf":{"laboratorio":"","principio_activo":"","indicaciones":"","concentracion":"","dosis_y_modo_de_empleo":"","precauciones":"","tiempo_de_retiro":"","via_de_administracion1":[""]},"jetpack_publicize_connections":[],"jetpack_sharing_enabled":true,"_links":{"self":[{"href":"https:\/\/geneticatricolor.com\/home\/wp-json\/wp\/v2\/product\/8315","targetHints":{"allow":["GET"]}}],"collection":[{"href":"https:\/\/geneticatricolor.com\/home\/wp-json\/wp\/v2\/product"}],"about":[{"href":"https:\/\/geneticatricolor.com\/home\/wp-json\/wp\/v2\/types\/product"}],"author":[{"embeddable":true,"href":"https:\/\/geneticatricolor.com\/home\/wp-json\/wp\/v2\/users\/1"}],"replies":[{"embeddable":true,"href":"https:\/\/geneticatricolor.com\/home\/wp-json\/wp\/v2\/comments?post=8315"}],"wp:featuredmedia":[{"embeddable":true,"href":"https:\/\/geneticatricolor.com\/home\/wp-json\/wp\/v2\/media\/77548"}],"wp:attachment":[{"href":"https:\/\/geneticatricolor.com\/home\/wp-json\/wp\/v2\/media?parent=8315"}],"wp:term":[{"taxonomy":"product_brand","embeddable":true,"href":"https:\/\/geneticatricolor.com\/home\/wp-json\/wp\/v2\/product_brand?post=8315"},{"taxonomy":"product_cat","embeddable":true,"href":"https:\/\/geneticatricolor.com\/home\/wp-json\/wp\/v2\/product_cat?post=8315"},{"taxonomy":"product_tag","embeddable":true,"href":"https:\/\/geneticatricolor.com\/home\/wp-json\/wp\/v2\/product_tag?post=8315"}],"curies":[{"name":"wp","href":"https:\/\/api.w.org\/{rel}","templated":true}]}}