{"id":8328,"date":"2018-10-07T00:07:20","date_gmt":"2018-10-07T05:07:20","guid":{"rendered":"http:\/\/geneticatricolor.com\/home\/?post_type=product&#038;p=8328"},"modified":"2024-09-10T10:53:15","modified_gmt":"2024-09-10T15:53:15","slug":"mve-sc-42vtransporte","status":"publish","type":"product","link":"https:\/\/geneticatricolor.com\/home\/tienda\/implementos-ganaderos\/tanques-termos\/tanque-transp\/mve-sc-42vtransporte\/","title":{"rendered":"MVE SC 4\/2V"},"content":{"rendered":"<p><span id=\"result_box\" class=\"\" lang=\"es\"><span class=\"\">Los termos contenedores de vapor (DryShippers) MVE est\u00e1n dise\u00f1ados para el transporte seguro de muestras biol\u00f3gicas a temperaturas criog\u00e9nicas (-150 \u00b0 C o m\u00e1s fr\u00edas).<\/span> <span class=\"\">Fabricadas con aluminio liviano y duradero, ambas series emplean un compuesto hidrof\u00f3bico que absorbe el nitr\u00f3geno l\u00edquido para garantizar un env\u00edo en fase de vapor seco y sin derrames.<\/span> <span class=\"\">Estos tanques pueden usarse para enviar material congelando con una clasificaci\u00f3n \u201cno peligrosa\u201d en todo el mundo, lo que reduce los costos y ayuda a facilitar el envio de semen y embriones.<\/span><\/span><\/p>\n<p><span class=\"\">Para muestras de env\u00edo en embarcaciones de vapor seco: estos cargadores cargan en menos de 2 horas con la NUEVA &#8220;Tecnolog\u00eda avanzada de Qwick&#8221;.<img data-recalc-dims=\"1\" decoding=\"async\" data-attachment-id=\"8329\" data-permalink=\"https:\/\/geneticatricolor.com\/home\/?attachment_id=8329\" data-orig-file=\"https:\/\/i0.wp.com\/geneticatricolor.com\/home\/wp-content\/uploads\/Dry-Shipper-4-2.jpg?fit=123%2C250&amp;ssl=1\" data-orig-size=\"123,250\" data-comments-opened=\"1\" data-image-meta=\"{&quot;aperture&quot;:&quot;0&quot;,&quot;credit&quot;:&quot;&quot;,&quot;camera&quot;:&quot;&quot;,&quot;caption&quot;:&quot;&quot;,&quot;created_timestamp&quot;:&quot;0&quot;,&quot;copyright&quot;:&quot;&quot;,&quot;focal_length&quot;:&quot;0&quot;,&quot;iso&quot;:&quot;0&quot;,&quot;shutter_speed&quot;:&quot;0&quot;,&quot;title&quot;:&quot;&quot;,&quot;orientation&quot;:&quot;0&quot;}\" data-image-title=\"Dry Shipper 4-2\" data-image-description=\"\" data-image-caption=\"\" data-large-file=\"https:\/\/i0.wp.com\/geneticatricolor.com\/home\/wp-content\/uploads\/Dry-Shipper-4-2.jpg?fit=123%2C250&amp;ssl=1\" class=\"size-full wp-image-8329 alignright\" src=\"https:\/\/i0.wp.com\/geneticatricolor.com\/home\/wp-content\/uploads\/Dry-Shipper-4-2.jpg?resize=123%2C250\" alt=\"\" width=\"123\" height=\"250\" srcset=\"https:\/\/i0.wp.com\/geneticatricolor.com\/home\/wp-content\/uploads\/Dry-Shipper-4-2.jpg?w=123&amp;ssl=1 123w, https:\/\/i0.wp.com\/geneticatricolor.com\/home\/wp-content\/uploads\/Dry-Shipper-4-2.jpg?resize=74%2C150&amp;ssl=1 74w\" sizes=\"(max-width: 123px) 100vw, 123px\" \/><\/span><\/p>\n<p>&nbsp;<\/p>\n<p>Duraci\u00f3n del frio para almacenamiento (d\u00edas): 13<\/p>\n<p><strong>CAPACIDAD M\u00c1XIMA<\/strong><\/p>\n<ul>\n<li>N\u00famero de canastillas: 1<\/li>\n<li>Capacidad (pajillas 0,5 ml) 10\/Gobelet: 280<\/li>\n<li>Capacidad (pajillas 0,5 ml) (1 Piso a granel): 440<\/li>\n<li>Capacidad (pajillas 0,25 ml) (1 Piso a granel): 938<\/li>\n<li>Capacidad (viales 1.2 &amp; 2.0 ml) (5\/Gobelet): 95<\/li>\n<li>Capacidad (viales 1.2 &amp; 2.0 ml) (6\/Gobelet): 106<\/li>\n<\/ul>\n<p><strong>RENDIMIENTO <\/strong><\/p>\n<ul>\n<li>Capacidad de nitr\u00f3geno l\u00edquido (litros): 3.6<\/li>\n<li>Tasa de evaporaci\u00f3n est\u00e1tica (litros\/d\u00eda)*: 0.26<\/li>\n<\/ul>\n<p><strong>DIMENSIONES <\/strong><\/p>\n<ul>\n<li>Apertura en el cuello (mm): 70<\/li>\n<li>Altura total (mm): 468<\/li>\n<li>Di\u00e1metro Externo (mm): 222<\/li>\n<li>Altura de las canastillas (mm): 278<\/li>\n<li>Di\u00e1metro de las canastillas (mm): 67<\/li>\n<li>Peso Vac\u00edo (kg): 5,0<\/li>\n<li>Peso lleno (kg): 7,7<\/li>\n<\/ul>\n<div id=\"gt-res-content\">\n<h6 id=\"gt-res-dir-ctr\" class=\"trans-verified-button-small\" dir=\"ltr\"><span id=\"result_box\" class=\"\" lang=\"es\"><span class=\"\">*La tasa de evaporaci\u00f3n est\u00e1tica y el tiempo de retenci\u00f3n est\u00e1tico son nominales.<\/span> <span class=\"\">La tasa real y el tiempo de retenci\u00f3n se ver\u00e1n afectados por el uso del contenedor, las condiciones atmosf\u00e9ricas y las tolerancias de fabricaci\u00f3n.<\/span><\/span><\/h6>\n<\/div>\n<p id=\"gt-res-tools\">Nota: Este producto es importado y se vende sobre pedido. Se liquida a la tasa representativa del mercado del d\u00eda de la compra.<\/p>\n","protected":false},"excerpt":{"rendered":"<p>Los termos contenedores de vapor (DryShippers) MVE est\u00e1n dise\u00f1ados para el transporte seguro de muestras biol\u00f3gicas a temperaturas criog\u00e9nicas (-150 \u00b0 C o m\u00e1s fr\u00edas). Fabricadas con aluminio liviano y [&hellip;]<\/p>\n","protected":false},"author":1,"featured_media":77557,"comment_status":"open","ping_status":"closed","template":"","meta":{"_acf_changed":false,"inline_featured_image":false,"_monsterinsights_skip_tracking":false,"_monsterinsights_sitenote_active":false,"_monsterinsights_sitenote_note":"","_monsterinsights_sitenote_category":0,"site-sidebar-layout":"default","site-content-layout":"","ast-site-content-layout":"default","site-content-style":"default","site-sidebar-style":"default","ast-global-header-display":"","ast-banner-title-visibility":"","ast-main-header-display":"","ast-hfb-above-header-display":"","ast-hfb-below-header-display":"","ast-hfb-mobile-header-display":"","site-post-title":"","ast-breadcrumbs-content":"","ast-featured-img":"","footer-sml-layout":"","ast-disable-related-posts":"","theme-transparent-header-meta":"","adv-header-id-meta":"","stick-header-meta":"","header-above-stick-meta":"","header-main-stick-meta":"","header-below-stick-meta":"","astra-migrate-meta-layouts":"default","ast-page-background-enabled":"default","ast-page-background-meta":{"desktop":{"background-color":"var(--ast-global-color-4)","background-image":"","background-repeat":"repeat","background-position":"center center","background-size":"auto","background-attachment":"scroll","background-type":"","background-media":"","overlay-type":"","overlay-color":"","overlay-opacity":"","overlay-gradient":""},"tablet":{"background-color":"","background-image":"","background-repeat":"repeat","background-position":"center center","background-size":"auto","background-attachment":"scroll","background-type":"","background-media":"","overlay-type":"","overlay-color":"","overlay-opacity":"","overlay-gradient":""},"mobile":{"background-color":"","background-image":"","background-repeat":"repeat","background-position":"center center","background-size":"auto","background-attachment":"scroll","background-type":"","background-media":"","overlay-type":"","overlay-color":"","overlay-opacity":"","overlay-gradient":""}},"ast-content-background-meta":{"desktop":{"background-color":"var(--ast-global-color-5)","background-image":"","background-repeat":"repeat","background-position":"center center","background-size":"auto","background-attachment":"scroll","background-type":"","background-media":"","overlay-type":"","overlay-color":"","overlay-opacity":"","overlay-gradient":""},"tablet":{"background-color":"var(--ast-global-color-5)","background-image":"","background-repeat":"repeat","background-position":"center center","background-size":"auto","background-attachment":"scroll","background-type":"","background-media":"","overlay-type":"","overlay-color":"","overlay-opacity":"","overlay-gradient":""},"mobile":{"background-color":"var(--ast-global-color-5)","background-image":"","background-repeat":"repeat","background-position":"center center","background-size":"auto","background-attachment":"scroll","background-type":"","background-media":"","overlay-type":"","overlay-color":"","overlay-opacity":"","overlay-gradient":""}},"jetpack_publicize_message":"","jetpack_publicize_feature_enabled":true,"jetpack_social_post_already_shared":false,"jetpack_social_options":{"image_generator_settings":{"template":"highway","default_image_id":0,"font":"","enabled":false},"version":2}},"product_brand":[],"product_cat":[508],"product_tag":[495,497],"class_list":{"0":"post-8328","1":"product","2":"type-product","3":"status-publish","4":"has-post-thumbnail","6":"product_cat-tanque-transp","7":"product_tag-termos-de-transporte","8":"product_tag-termos-dry-shipper","9":"desktop-align-left","10":"tablet-align-left","11":"mobile-align-left","13":"first","14":"instock","15":"shipping-taxable","16":"product-type-simple"},"acf":{"laboratorio":"","principio_activo":"","indicaciones":"","concentracion":"","dosis_y_modo_de_empleo":"","precauciones":"","tiempo_de_retiro":"","via_de_administracion1":[]},"jetpack_publicize_connections":[],"jetpack_sharing_enabled":true,"_links":{"self":[{"href":"https:\/\/geneticatricolor.com\/home\/wp-json\/wp\/v2\/product\/8328","targetHints":{"allow":["GET"]}}],"collection":[{"href":"https:\/\/geneticatricolor.com\/home\/wp-json\/wp\/v2\/product"}],"about":[{"href":"https:\/\/geneticatricolor.com\/home\/wp-json\/wp\/v2\/types\/product"}],"author":[{"embeddable":true,"href":"https:\/\/geneticatricolor.com\/home\/wp-json\/wp\/v2\/users\/1"}],"replies":[{"embeddable":true,"href":"https:\/\/geneticatricolor.com\/home\/wp-json\/wp\/v2\/comments?post=8328"}],"wp:featuredmedia":[{"embeddable":true,"href":"https:\/\/geneticatricolor.com\/home\/wp-json\/wp\/v2\/media\/77557"}],"wp:attachment":[{"href":"https:\/\/geneticatricolor.com\/home\/wp-json\/wp\/v2\/media?parent=8328"}],"wp:term":[{"taxonomy":"product_brand","embeddable":true,"href":"https:\/\/geneticatricolor.com\/home\/wp-json\/wp\/v2\/product_brand?post=8328"},{"taxonomy":"product_cat","embeddable":true,"href":"https:\/\/geneticatricolor.com\/home\/wp-json\/wp\/v2\/product_cat?post=8328"},{"taxonomy":"product_tag","embeddable":true,"href":"https:\/\/geneticatricolor.com\/home\/wp-json\/wp\/v2\/product_tag?post=8328"}],"curies":[{"name":"wp","href":"https:\/\/api.w.org\/{rel}","templated":true}]}}