{"id":8877,"date":"2019-01-20T04:39:21","date_gmt":"2019-01-20T09:39:21","guid":{"rendered":"http:\/\/geneticatricolor.com\/home\/producto\/gabarito-avlagyr\/"},"modified":"2025-07-24T07:37:27","modified_gmt":"2025-07-24T12:37:27","slug":"gabarito-avlagyr","status":"publish","type":"product","link":"https:\/\/geneticatricolor.com\/home\/tienda\/venta-de-semen\/razas-lecheras-tropico\/semen-gyr\/gabarito-avlagyr\/","title":{"rendered":"GABARITO AVLA"},"content":{"rendered":"<p>Gabarito Avla es genotipo A1A2 para Beta Caseina, AB para Kappa Caseina y BB para Beta-Lactoglobulina. Se espera que su prueba de progenie se libere en el a\u00f1o 2023. Durante a 6\u00aa Exposi\u00e7\u00e3o Regional de Gir Leiteiro de Curvelo (MG), dois touros da bateria da CRV Lagoa conquistaram premia\u00e7\u00f5es. Gabarito AVLA se sagrou Grande Campe\u00e3o da ra\u00e7a, al\u00e9m de Campe\u00e3o Touro Jovem, enquanto Espanto AVLA foi Reservado Campe\u00e3o Touro Adulto. O criador e propriet\u00e1rio dos reprodutores \u00e9 Jo\u00e3o Vicente Alves de \u00c1vila.<\/p>\n<p>Gabarito re\u00fane Modelo na linha alta e Jaguar como av\u00f4 materno. Sua m\u00e3e, Duplicata, produziu 11.335 kg na 1\u00aa lacta\u00e7\u00e3o, foi Campe\u00e3 Vaca Jovem na pista e Concurso Leiteiro e Melhor \u00dabere em Sete Lagoas\/2014 e Reservado Grande Campe\u00e3 e Campe\u00e3 F\u00eamea Jovem Concurso Leiteiro em Belo Horizonte\/2014, com m\u00e9dia di\u00e1ria de 45,70 kg. O reprodutor tamb\u00e9m foi Grande Campe\u00e3o na 6\u00aa Especializada em Belo Horizonte. Est\u00e1 em Teste de Prog\u00eanie, com previs\u00e3o de resultado em 2023.<\/p>\n","protected":false},"excerpt":{"rendered":"<p>Gabarito Avla es genotipo A1A2 para Beta Caseina, AB para Kappa Caseina y BB para Beta-Lactoglobulina. Se espera que su prueba de progenie se libere en el a\u00f1o 2023. Durante [&hellip;]<\/p>\n","protected":false},"author":1,"featured_media":56178,"comment_status":"open","ping_status":"closed","template":"","meta":{"_acf_changed":false,"inline_featured_image":false,"_monsterinsights_skip_tracking":false,"_monsterinsights_sitenote_active":false,"_monsterinsights_sitenote_note":"","_monsterinsights_sitenote_category":0,"site-sidebar-layout":"default","site-content-layout":"","ast-site-content-layout":"default","site-content-style":"default","site-sidebar-style":"default","ast-global-header-display":"","ast-banner-title-visibility":"","ast-main-header-display":"","ast-hfb-above-header-display":"","ast-hfb-below-header-display":"","ast-hfb-mobile-header-display":"","site-post-title":"","ast-breadcrumbs-content":"","ast-featured-img":"","footer-sml-layout":"","ast-disable-related-posts":"","theme-transparent-header-meta":"default","adv-header-id-meta":"","stick-header-meta":"","header-above-stick-meta":"","header-main-stick-meta":"","header-below-stick-meta":"","astra-migrate-meta-layouts":"set","ast-page-background-enabled":"default","ast-page-background-meta":{"desktop":{"background-color":"var(--ast-global-color-4)","background-image":"","background-repeat":"repeat","background-position":"center center","background-size":"auto","background-attachment":"scroll","background-type":"","background-media":"","overlay-type":"","overlay-color":"","overlay-opacity":"","overlay-gradient":""},"tablet":{"background-color":"","background-image":"","background-repeat":"repeat","background-position":"center center","background-size":"auto","background-attachment":"scroll","background-type":"","background-media":"","overlay-type":"","overlay-color":"","overlay-opacity":"","overlay-gradient":""},"mobile":{"background-color":"","background-image":"","background-repeat":"repeat","background-position":"center center","background-size":"auto","background-attachment":"scroll","background-type":"","background-media":"","overlay-type":"","overlay-color":"","overlay-opacity":"","overlay-gradient":""}},"ast-content-background-meta":{"desktop":{"background-color":"var(--ast-global-color-5)","background-image":"","background-repeat":"repeat","background-position":"center center","background-size":"auto","background-attachment":"scroll","background-type":"","background-media":"","overlay-type":"","overlay-color":"","overlay-opacity":"","overlay-gradient":""},"tablet":{"background-color":"var(--ast-global-color-5)","background-image":"","background-repeat":"repeat","background-position":"center center","background-size":"auto","background-attachment":"scroll","background-type":"","background-media":"","overlay-type":"","overlay-color":"","overlay-opacity":"","overlay-gradient":""},"mobile":{"background-color":"var(--ast-global-color-5)","background-image":"","background-repeat":"repeat","background-position":"center center","background-size":"auto","background-attachment":"scroll","background-type":"","background-media":"","overlay-type":"","overlay-color":"","overlay-opacity":"","overlay-gradient":""}},"jetpack_publicize_message":"","jetpack_publicize_feature_enabled":true,"jetpack_social_post_already_shared":false,"jetpack_social_options":{"image_generator_settings":{"template":"highway","default_image_id":0,"font":"","enabled":false},"version":2}},"product_brand":[],"product_cat":[50],"product_tag":[398],"class_list":{"0":"post-8877","1":"product","2":"type-product","3":"status-publish","4":"has-post-thumbnail","6":"product_cat-semen-gyr","7":"product_tag-gyr-brasilero","8":"desktop-align-left","9":"tablet-align-left","10":"mobile-align-left","12":"first","13":"instock","14":"shipping-taxable","15":"product-type-simple"},"acf":{"laboratorio":"","principio_activo":"","indicaciones":"","concentracion":"","dosis_y_modo_de_empleo":"","precauciones":"","tiempo_de_retiro":"","via_de_administracion1":[""]},"jetpack_publicize_connections":[],"jetpack_sharing_enabled":true,"_links":{"self":[{"href":"https:\/\/geneticatricolor.com\/home\/wp-json\/wp\/v2\/product\/8877","targetHints":{"allow":["GET"]}}],"collection":[{"href":"https:\/\/geneticatricolor.com\/home\/wp-json\/wp\/v2\/product"}],"about":[{"href":"https:\/\/geneticatricolor.com\/home\/wp-json\/wp\/v2\/types\/product"}],"author":[{"embeddable":true,"href":"https:\/\/geneticatricolor.com\/home\/wp-json\/wp\/v2\/users\/1"}],"replies":[{"embeddable":true,"href":"https:\/\/geneticatricolor.com\/home\/wp-json\/wp\/v2\/comments?post=8877"}],"wp:featuredmedia":[{"embeddable":true,"href":"https:\/\/geneticatricolor.com\/home\/wp-json\/wp\/v2\/media\/56178"}],"wp:attachment":[{"href":"https:\/\/geneticatricolor.com\/home\/wp-json\/wp\/v2\/media?parent=8877"}],"wp:term":[{"taxonomy":"product_brand","embeddable":true,"href":"https:\/\/geneticatricolor.com\/home\/wp-json\/wp\/v2\/product_brand?post=8877"},{"taxonomy":"product_cat","embeddable":true,"href":"https:\/\/geneticatricolor.com\/home\/wp-json\/wp\/v2\/product_cat?post=8877"},{"taxonomy":"product_tag","embeddable":true,"href":"https:\/\/geneticatricolor.com\/home\/wp-json\/wp\/v2\/product_tag?post=8877"}],"curies":[{"name":"wp","href":"https:\/\/api.w.org\/{rel}","templated":true}]}}