{"id":9196,"date":"2019-05-27T01:02:03","date_gmt":"2019-05-27T06:02:03","guid":{"rendered":"http:\/\/geneticatricolor.com\/home\/producto\/fabulosogyr\/"},"modified":"2025-07-24T07:38:08","modified_gmt":"2025-07-24T12:38:08","slug":"fabulosogyr","status":"publish","type":"product","link":"https:\/\/geneticatricolor.com\/home\/tienda\/venta-de-semen\/razas-lecheras-tropico\/semen-gyr\/fabulosogyr\/","title":{"rendered":"FABULOSO DO BASA"},"content":{"rendered":"<p>Hijo de Soluci\u00f3n de Bras\u00edlia, hembra destacada del hato de Bras\u00edlia con producci\u00f3n cercana a 9 Toneladas de leche. Orgulhoso Vila Rica, su hijo fue Campe\u00f3n J\u00fanior Mayor de ExpoZebu 2013.<\/p>\n<p>Por su impresionante producci\u00f3n de leche, Kalika Fiv Vila Rica alcanz\u00f3 una posici\u00f3n dentro del mejor 10% de todos los reproductores de la raza Gyr. La muy buena precocidad de sus hijas le permiti\u00f3 ocupar la posici\u00f3n 11 en el ranking para edad al primer parto con -57 d\u00edas con una confiabilidad del 87%. Ocup\u00f3 la posici\u00f3n 28 en el ranking para producci\u00f3n de grasa en la que sus hijas en promedio produjeron alrededor de 15 kg de grasa por lactancia por encima del promedio de la raza. Sus hijas en promedio produjeron alrededor de 10 kg por encima del promedio de la raza, lo que le permiti\u00f3 ocupar el puesto GIVR195. Adicionalmente, se ubica en la posici\u00f3n 39\u00b0 en el ranking de produccion de solidos totales con un PTAST de 30 y una confiabilidad de 66%.<\/p>\n<p>Gracias a su excelente producci\u00f3n de leche, edad al primer parto y cantidad de solidos totales, Kalika Fiv Vila Rica se ubic\u00f3 en la posici\u00f3n 20\u00b0 en el ranking de la ABCGIL en el a\u00f1o 2020 para IPGL (Indice de Producci\u00f3n del Gyr Lechero) en el cual se evaluaron hijas en mas de 35 reba\u00f1os evaluados. Las ubres de sus hijas son de buena conformaci\u00f3n lo que le ha permitido alcanzar el puesto 37 en el top 10% de la raza Gyr Su descendencia tiene un excelente temperamento, raz\u00f3n por la cual se ubic\u00f3 24 en el top 10% para manejo de la raza Gyr &#8220;Este toro brinda a su descendencia una gran belleza racial, mejor calidad de ubre y muy buena producci\u00f3n de leche. Adem\u00e1s brinda un por laje ideal con gran pigmentaci\u00f3n. Abunda el pelaje rojo en su descendencia, con mucha profundidad corporal y mucha calidad de ancas.<\/p>\n","protected":false},"excerpt":{"rendered":"<p>Hijo de Soluci\u00f3n de Bras\u00edlia, hembra destacada del hato de Bras\u00edlia con producci\u00f3n cercana a 9 Toneladas de leche. Orgulhoso Vila Rica, su hijo fue Campe\u00f3n J\u00fanior Mayor de ExpoZebu [&hellip;]<\/p>\n","protected":false},"author":1,"featured_media":18969,"comment_status":"open","ping_status":"closed","template":"","meta":{"_acf_changed":false,"inline_featured_image":false,"_monsterinsights_skip_tracking":false,"_monsterinsights_sitenote_active":false,"_monsterinsights_sitenote_note":"","_monsterinsights_sitenote_category":0,"site-sidebar-layout":"default","site-content-layout":"","ast-site-content-layout":"default","site-content-style":"default","site-sidebar-style":"default","ast-global-header-display":"","ast-banner-title-visibility":"","ast-main-header-display":"","ast-hfb-above-header-display":"","ast-hfb-below-header-display":"","ast-hfb-mobile-header-display":"","site-post-title":"","ast-breadcrumbs-content":"","ast-featured-img":"","footer-sml-layout":"","ast-disable-related-posts":"","theme-transparent-header-meta":"","adv-header-id-meta":"","stick-header-meta":"","header-above-stick-meta":"","header-main-stick-meta":"","header-below-stick-meta":"","astra-migrate-meta-layouts":"default","ast-page-background-enabled":"default","ast-page-background-meta":{"desktop":{"background-color":"var(--ast-global-color-4)","background-image":"","background-repeat":"repeat","background-position":"center center","background-size":"auto","background-attachment":"scroll","background-type":"","background-media":"","overlay-type":"","overlay-color":"","overlay-opacity":"","overlay-gradient":""},"tablet":{"background-color":"","background-image":"","background-repeat":"repeat","background-position":"center center","background-size":"auto","background-attachment":"scroll","background-type":"","background-media":"","overlay-type":"","overlay-color":"","overlay-opacity":"","overlay-gradient":""},"mobile":{"background-color":"","background-image":"","background-repeat":"repeat","background-position":"center center","background-size":"auto","background-attachment":"scroll","background-type":"","background-media":"","overlay-type":"","overlay-color":"","overlay-opacity":"","overlay-gradient":""}},"ast-content-background-meta":{"desktop":{"background-color":"var(--ast-global-color-5)","background-image":"","background-repeat":"repeat","background-position":"center center","background-size":"auto","background-attachment":"scroll","background-type":"","background-media":"","overlay-type":"","overlay-color":"","overlay-opacity":"","overlay-gradient":""},"tablet":{"background-color":"var(--ast-global-color-5)","background-image":"","background-repeat":"repeat","background-position":"center center","background-size":"auto","background-attachment":"scroll","background-type":"","background-media":"","overlay-type":"","overlay-color":"","overlay-opacity":"","overlay-gradient":""},"mobile":{"background-color":"var(--ast-global-color-5)","background-image":"","background-repeat":"repeat","background-position":"center center","background-size":"auto","background-attachment":"scroll","background-type":"","background-media":"","overlay-type":"","overlay-color":"","overlay-opacity":"","overlay-gradient":""}},"jetpack_publicize_message":"","jetpack_publicize_feature_enabled":true,"jetpack_social_post_already_shared":false,"jetpack_social_options":{"image_generator_settings":{"template":"highway","default_image_id":0,"font":"","enabled":false},"version":2}},"product_brand":[],"product_cat":[50],"product_tag":[398],"class_list":{"0":"post-9196","1":"product","2":"type-product","3":"status-publish","4":"has-post-thumbnail","6":"product_cat-semen-gyr","7":"product_tag-gyr-brasilero","8":"desktop-align-left","9":"tablet-align-left","10":"mobile-align-left","12":"first","13":"instock","14":"featured","15":"shipping-taxable","16":"product-type-simple"},"acf":{"laboratorio":"","principio_activo":"","indicaciones":"","concentracion":"","dosis_y_modo_de_empleo":"","precauciones":"","tiempo_de_retiro":"","via_de_administracion1":[]},"jetpack_publicize_connections":[],"jetpack_sharing_enabled":true,"_links":{"self":[{"href":"https:\/\/geneticatricolor.com\/home\/wp-json\/wp\/v2\/product\/9196","targetHints":{"allow":["GET"]}}],"collection":[{"href":"https:\/\/geneticatricolor.com\/home\/wp-json\/wp\/v2\/product"}],"about":[{"href":"https:\/\/geneticatricolor.com\/home\/wp-json\/wp\/v2\/types\/product"}],"author":[{"embeddable":true,"href":"https:\/\/geneticatricolor.com\/home\/wp-json\/wp\/v2\/users\/1"}],"replies":[{"embeddable":true,"href":"https:\/\/geneticatricolor.com\/home\/wp-json\/wp\/v2\/comments?post=9196"}],"wp:featuredmedia":[{"embeddable":true,"href":"https:\/\/geneticatricolor.com\/home\/wp-json\/wp\/v2\/media\/18969"}],"wp:attachment":[{"href":"https:\/\/geneticatricolor.com\/home\/wp-json\/wp\/v2\/media?parent=9196"}],"wp:term":[{"taxonomy":"product_brand","embeddable":true,"href":"https:\/\/geneticatricolor.com\/home\/wp-json\/wp\/v2\/product_brand?post=9196"},{"taxonomy":"product_cat","embeddable":true,"href":"https:\/\/geneticatricolor.com\/home\/wp-json\/wp\/v2\/product_cat?post=9196"},{"taxonomy":"product_tag","embeddable":true,"href":"https:\/\/geneticatricolor.com\/home\/wp-json\/wp\/v2\/product_tag?post=9196"}],"curies":[{"name":"wp","href":"https:\/\/api.w.org\/{rel}","templated":true}]}}